{"id":11705,"date":"2016-03-24T20:21:16","date_gmt":"2016-03-24T18:21:16","guid":{"rendered":"http:\/\/d-teq.de\/media-sports\/?page_id=11705"},"modified":"2017-12-03T20:16:11","modified_gmt":"2017-12-03T18:16:11","slug":"impressum","status":"publish","type":"page","link":"http:\/\/d-teq.de\/media-sports\/impressum\/","title":{"rendered":"Impressum"},"content":{"rendered":"<div class=\"col-sm-6 module_cont\">\n<div class=\"bg_title\">\n<h3><span style=\"font-family: arial,helvetica,sans-serif; font-size: 12pt;\">Impressum<\/span><\/h3>\n<\/div>\n<div class=\"module_content mt_6 animate pt43 fadeInUp\" data-anim-type=\"fadeInUp\" data-anim-delay=\"300\">\n<p><span style=\"font-family: arial,helvetica,sans-serif; font-size: 12pt;\">inhaltl. Verantwortlich gem\u00e4\u00df \u00a7 5 TMG:<\/span><\/p>\n<p><span style=\"font-family: arial,helvetica,sans-serif; font-size: 12pt;\"><b>D-TEQ<\/b><\/span><br \/>\n<span style=\"font-family: arial,helvetica,sans-serif; font-size: 12pt;\"> Hafenstra\u00dfe 12<\/span><br \/>\n<span style=\"font-family: arial,helvetica,sans-serif; font-size: 12pt;\"> DE \u2013 76344 Eggenstein-Leopoldshafen<\/span><\/p>\n<p><span style=\"font-family: arial,helvetica,sans-serif; font-size: 12pt;\">Gesch\u00e4ftsf\u00fchrung:<\/span><br \/>\n<span style=\"font-family: arial,helvetica,sans-serif; font-size: 12pt;\"> Dipl.-Ing. (FH) Darrell Tuxford<\/span><\/p>\n<p><span style=\"font-family: arial,helvetica,sans-serif; font-size: 12pt;\">USt. ID-Nr.: DE204451741<\/span><\/p>\n<p><span style=\"font-family: arial,helvetica,sans-serif; font-size: 12pt;\">Kontakt:<\/span><br \/>\n<span style=\"font-family: arial,helvetica,sans-serif; font-size: 12pt;\"> Tel \u00a0 \u00a0 \u00a0 +49 7247 9499-544<\/span><br \/>\n<span style=\"font-family: arial,helvetica,sans-serif; font-size: 12pt;\"> Email \u00a0\u00a0<a href=\"mailto:info@d-teq.com\">info@d-teq.com<\/a><\/span><\/p>\n<p><span style=\"font-family: arial,helvetica,sans-serif; font-size: 12pt;\">Webadministrator:<\/span><br \/>\n<span style=\"font-family: arial,helvetica,sans-serif; font-size: 12pt;\"> Heiko Schlotter<\/span><br \/>\n<span style=\"font-family: arial,helvetica,sans-serif; font-size: 12pt;\"> <a href=\"mailto:support@d-teq.de\">support@d-teq.de<\/a><\/span><\/p>\n<\/div>\n<div class=\"bg_title pt43\">\n<h3><span style=\"font-family: arial,helvetica,sans-serif; font-size: 12pt;\">Datenschutz<\/span><\/h3>\n<\/div>\n<div class=\"module_content mt_6 animate fadeInUp\" data-anim-type=\"fadeInUp\" data-anim-delay=\"300\">\n<p><span style=\"font-family: arial,helvetica,sans-serif; font-size: 12pt;\">Die Nutzung unserer Webseite ist in der Regel ohne Angabe personenbezogener Daten m\u00f6glich. Soweit auf unsere Seite die M\u00f6glichkeit zur Eingabe pers\u00f6nlicher oder gesch\u00e4ftlicher Daten (z.B. Emailadressen, Name, etc.) besteht, so erfolgt dies stets auf freiwilliger Basis. Diese Daten werden nicht an Dritte weitergegeben.<\/span><\/p>\n<\/div>\n<div class=\"bg_title pt43\">\n<h3><span style=\"font-family: arial,helvetica,sans-serif; font-size: 12pt;\">Copyright<\/span><\/h3>\n<\/div>\n<div class=\"module_content mt_6 animate fadeInUp\" data-anim-type=\"fadeInUp\" data-anim-delay=\"300\">\n<p><span style=\"font-family: arial,helvetica,sans-serif; font-size: 12pt;\">Alle Inhalte dieser Webseite dienen ausschlie\u00dflich zur pers\u00f6nlichen Information. Eine kommerzielle Nutzung aller Inhalte ist ohne ausdr\u00fcckliche Genehmigung durch D-TEQ\u00a0nicht erlaubt. Alle Inhalte, Grafiken und Fotos sind urheberrechtlich gesch\u00fctzt. Alle verwendeten Logos und Markenzeichen sind Eigentum ihrer jeweilig eingetragenen Besitzer. F\u00fcr fehlerhafte Links und Textfehler wird keine Haftung \u00fcbernommen.<\/span><\/p>\n<h3 data-lineheight=\"24\" data-fontsize=\"16\"><span style=\"font-family: arial,helvetica,sans-serif; font-size: 12pt;\">Bildnachweis<br \/>\n<\/span><\/h3>\n<p><span style=\"font-family: arial,helvetica,sans-serif; font-size: 12pt;\">Die Internetpr\u00e4senz der Firma D-TEQ (<a href=\"http:\/\/www.d-teq.de\" target=\"_blank\">www.d-teq.de<\/a>) nutzt Bilder, Fotos oder Grafiken von nachfolgend aufgef\u00fchrten Personen\/Agenturen. Sollte ein Bildnachweis fehlen, geben Sie uns bitte einen entsprechenden Hinweis per Mail an <a href=\"mailto:support@d-teq.de\">support@d-teq.de<\/a> \u2013 vielen Dank!<br \/>\n<\/span><\/p>\n<p><span style=\"font-family: arial,helvetica,sans-serif; font-size: 12pt;\">pixelio.de &amp; pixabay.com<\/span><\/p>\n<\/div>\n<\/div>\n<div class=\"col-sm-6 module_cont\">\n<div class=\"bg_title\">\n<h3><span style=\"font-family: arial,helvetica,sans-serif; font-size: 12pt;\">Haftungsausschluss<\/span><\/h3>\n<\/div>\n<div class=\"module_content mt_6 animate fadeInUp\" data-anim-type=\"fadeInUp\" data-anim-delay=\"300\">\n<p><span style=\"font-family: arial,helvetica,sans-serif; font-size: 12pt;\">1. Inhalt des Onlineangebotes<br \/>\nDer Autor \u00fcbernimmt keinerlei Gew\u00e4hr f\u00fcr die Aktualit\u00e4t, Korrektheit, Vollst\u00e4ndigkeit oder Qualit\u00e4t der bereitgestellten Informationen. Haftungsanspr\u00fcche gegen den Autor, welche sich auf Sch\u00e4den materieller oder ideeller Art beziehen, die durch die Nutzung oder Nichtnutzung der dargebotenen Informationen bzw. durch die Nutzung fehlerhafter und unvollst\u00e4ndiger Informationen verursacht wurden, sind grunds\u00e4tzlich ausgeschlossen, sofern seitens des Autors kein nachweislich vors\u00e4tzliches oder grob fahrl\u00e4ssiges Verschulden vorliegt. Alle Angebote sind freibleibend und unverbindlich. Der Autor beh\u00e4lt es sich ausdr\u00fccklich vor, Teile der Seiten oder das gesamte Angebot ohne gesonderte Ank\u00fcndigung zu ver\u00e4ndern, zu erg\u00e4nzen, zu l\u00f6schen oder die Ver\u00f6ffentlichung zeitweise oder endg\u00fcltig einzustellen.<\/span><\/p>\n<p><span style=\"font-family: arial,helvetica,sans-serif; font-size: 12pt;\">2. Verweise und Links<br \/>\nBei direkten oder indirekten Verweisen auf fremde Webseiten (\u201eHyperlinks\u201c), die au\u00dferhalb des Verantwortungsbereiches des Autors liegen, w\u00fcrde eine Haftungsverpflichtung ausschlie\u00dflich in dem Fall in Kraft treten, in dem der Autor von den Inhalten Kenntnis hat und es ihm technisch m\u00f6glich und zumutbar w\u00e4re, die Nutzung im Falle rechtswidriger Inhalte zu verhindern. Der Autor erkl\u00e4rt hiermit ausdr\u00fccklich, dass zum Zeitpunkt der Linksetzung keine illegalen Inhalte auf den zu verlinkenden Seiten erkennbar waren. Auf die aktuelle und zuk\u00fcnftige Gestaltung, die Inhalte oder die Urheberschaft der verlinkten\/verkn\u00fcpften Seiten hat der Autor keinerlei Einfluss. Deshalb distanziert er sich hiermit ausdr\u00fccklich von allen Inhalten aller verlinkten \/verkn\u00fcpften Seiten, die nach der Linksetzung ver\u00e4ndert wurden. Diese Feststellung gilt f\u00fcr alle innerhalb des eigenen Internetangebotes gesetzten Links und Verweise sowie f\u00fcr Fremdeintr\u00e4ge in vom Autor eingerichteten G\u00e4steb\u00fcchern, Diskussionsforen, Linkverzeichnissen, Mailinglisten und in allen anderen Formen von Datenbanken, auf deren Inhalt externe Schreibzugriffe m\u00f6glich sind. F\u00fcr illegale, fehlerhafte oder unvollst\u00e4ndige Inhalte und insbesondere f\u00fcr Sch\u00e4den, die aus der Nutzung oder Nichtnutzung solcherart dargebotener Informationen entstehen, haftet allein der Anbieter der Seite, auf welche verwiesen wurde, nicht derjenige, der \u00fcber Links auf die jeweilige Ver\u00f6ffentlichung lediglich verweist.<\/span><\/p>\n<p><span style=\"font-family: arial,helvetica,sans-serif; font-size: 12pt;\">3. Urheber- und Kennzeichenrecht<br \/>\nDer Autor ist bestrebt, in allen Publikationen die Urheberrechte der verwendeten Grafiken, Tondokumente, Videosequenzen und Texte zu beachten, von ihm selbst erstellte Grafiken, Tondokumente, Videosequenzen und Texte zu nutzen oder auf lizenzfreie Grafiken, Tondokumente, Videosequenzen und Texte zur\u00fcckzugreifen. Alle innerhalb des Internetangebotes genannten und ggf. durch Dritte gesch\u00fctzten Marken- und Warenzeichen unterliegen uneingeschr\u00e4nkt den Bestimmungen des jeweils g\u00fcltigen Kennzeichenrechts und den Besitzrechten der jeweiligen eingetragenen Eigent\u00fcmer. Allein aufgrund der blo\u00dfen Nennung ist nicht der Schluss zu ziehen, dass Markenzeichen nicht durch Rechte Dritter gesch\u00fctzt sind! Das Copyright f\u00fcr ver\u00f6ffentlichte, vom Autor selbst erstellte Objekte bleibt allein beim Autor der Seiten. Eine Vervielf\u00e4ltigung oder Verwendung solcher Grafiken, Tondokumente, Videosequenzen und Texte in anderen elektronischen oder gedruckten Publikationen ist ohne ausdr\u00fcckliche Zustimmung des Autors nicht gestattet.<\/span><\/p>\n<p><span style=\"font-family: arial,helvetica,sans-serif; font-size: 12pt;\">4. Datenschutz<br \/>\nSofern innerhalb des Internetangebotes die M\u00f6glichkeit zur Eingabe pers\u00f6nlicher oder gesch\u00e4ftlicher Daten (Emailadressen, Namen, Anschriften) besteht, so erfolgt die Preisgabe dieser Daten seitens des Nutzers auf ausdr\u00fccklich freiwilliger Basis. Die Inanspruchnahme und Bezahlung aller angebotenen Dienste ist \u2013 soweit technisch m\u00f6glich und zumutbar \u2013 auch ohne Angabe solcher Daten bzw. unter Angabe anonymisierter Daten oder eines Pseudonyms gestattet. Die Nutzung der im Rahmen des Impressums oder vergleichbarer Angaben ver\u00f6ffentlichten Kontaktdaten wie Postanschriften, Telefon- und Faxnummern sowie Emailadressen durch Dritte zur \u00dcbersendung von nicht ausdr\u00fccklich angeforderten Informationen ist nicht gestattet. Rechtliche Schritte gegen die Versender von sogenannten Spam-Mails bei Verst\u00f6ssen gegen dieses Verbot sind ausdr\u00fccklich vorbehalten.<\/span><\/p>\n<p><span style=\"font-family: arial,helvetica,sans-serif; font-size: 12pt;\">5. Rechtswirksamkeit dieses Haftungsausschlu\u00dfes<br \/>\nDieser Haftungsausschluss ist als Teil des Internetangebotes zu betrachten, von dem aus auf diese Seite verwiesen wurde. Sofern Teile oder einzelne Formulierungen dieses Textes der geltenden Rechtslage nicht, nicht mehr oder nicht vollst\u00e4ndig entsprechen sollten, bleiben die \u00fcbrigen Teile des Dokumentes in ihrem Inhalt und ihrer G\u00fcltigkeit davon unber\u00fchrt.<\/span><\/p>\n<\/div>\n<\/div>\n","protected":false},"excerpt":{"rendered":"<p>Impressum inhaltl. Verantwortlich gem\u00e4\u00df \u00a7 5 TMG: D-TEQ Hafenstra\u00dfe 12 DE \u2013 76344 Eggenstein-Leopoldshafen Gesch\u00e4ftsf\u00fchrung: Dipl.-Ing. (FH) Darrell Tuxford USt. ID-Nr.: DE204451741 Kontakt: Tel \u00a0 \u00a0 \u00a0 +49 7247 9499-544 Email \u00a0\u00a0info@d-teq.com Webadministrator: Heiko Schlotter support@d-teq.de Datenschutz Die Nutzung unserer Webseite ist in der Regel ohne Angabe personenbezogener Daten m\u00f6glich. Soweit auf unsere Seite die M\u00f6glichkeit zur Eingabe pers\u00f6nlicher oder gesch\u00e4ftlicher Daten (z.B. Emailadressen, Name, etc.) besteht, so erfolgt dies stets auf freiwilliger Basis. Diese Daten werden nicht an Dritte weitergegeben. Copyright Alle Inhalte dieser Webseite dienen ausschlie\u00dflich zur pers\u00f6nlichen Information. Eine kommerzielle Nutzung aller Inhalte ist ohne ausdr\u00fcckliche Genehmigung  [&#8230;]<\/p>\n","protected":false},"author":3,"featured_media":0,"parent":0,"menu_order":0,"comment_status":"closed","ping_status":"closed","template":"","meta":{"footnotes":""},"class_list":["post-11705","page","type-page","status-publish","hentry"],"yoast_head":"<!-- This site is optimized with the Yoast SEO plugin v26.7 - https:\/\/yoast.com\/wordpress\/plugins\/seo\/ -->\n<title>Impressum - D-TEQ<\/title>\n<meta name=\"robots\" content=\"index, follow, max-snippet:-1, max-image-preview:large, max-video-preview:-1\" \/>\n<link rel=\"canonical\" href=\"http:\/\/d-teq.de\/media-sports\/impressum\/\" \/>\n<meta property=\"og:locale\" content=\"de_DE\" \/>\n<meta property=\"og:type\" content=\"article\" \/>\n<meta property=\"og:title\" content=\"Impressum - D-TEQ\" \/>\n<meta property=\"og:description\" content=\"Impressum inhaltl. Verantwortlich gem\u00e4\u00df \u00a7 5 TMG: D-TEQ Hafenstra\u00dfe 12 DE \u2013 76344 Eggenstein-Leopoldshafen Gesch\u00e4ftsf\u00fchrung: Dipl.-Ing. (FH) Darrell Tuxford USt. ID-Nr.: DE204451741 Kontakt: Tel \u00a0 \u00a0 \u00a0 +49 7247 9499-544 Email \u00a0\u00a0info@d-teq.com Webadministrator: Heiko Schlotter support@d-teq.de Datenschutz Die Nutzung unserer Webseite ist in der Regel ohne Angabe personenbezogener Daten m\u00f6glich. Soweit auf unsere Seite die M\u00f6glichkeit zur Eingabe pers\u00f6nlicher oder gesch\u00e4ftlicher Daten (z.B. Emailadressen, Name, etc.) besteht, so erfolgt dies stets auf freiwilliger Basis. Diese Daten werden nicht an Dritte weitergegeben. Copyright Alle Inhalte dieser Webseite dienen ausschlie\u00dflich zur pers\u00f6nlichen Information. Eine kommerzielle Nutzung aller Inhalte ist ohne ausdr\u00fcckliche Genehmigung [...]\" \/>\n<meta property=\"og:url\" content=\"http:\/\/d-teq.de\/media-sports\/impressum\/\" \/>\n<meta property=\"og:site_name\" content=\"D-TEQ\" \/>\n<meta property=\"article:modified_time\" content=\"2017-12-03T18:16:11+00:00\" \/>\n<meta name=\"twitter:card\" content=\"summary_large_image\" \/>\n<meta name=\"twitter:label1\" content=\"Gesch\u00e4tzte Lesezeit\" \/>\n\t<meta name=\"twitter:data1\" content=\"4\u00a0Minuten\" \/>\n<script type=\"application\/ld+json\" class=\"yoast-schema-graph\">{\"@context\":\"https:\/\/schema.org\",\"@graph\":[{\"@type\":\"WebPage\",\"@id\":\"http:\/\/d-teq.de\/media-sports\/impressum\/\",\"url\":\"http:\/\/d-teq.de\/media-sports\/impressum\/\",\"name\":\"Impressum - D-TEQ\",\"isPartOf\":{\"@id\":\"http:\/\/d-teq.de\/media-sports\/#website\"},\"datePublished\":\"2016-03-24T18:21:16+00:00\",\"dateModified\":\"2017-12-03T18:16:11+00:00\",\"breadcrumb\":{\"@id\":\"http:\/\/d-teq.de\/media-sports\/impressum\/#breadcrumb\"},\"inLanguage\":\"de\",\"potentialAction\":[{\"@type\":\"ReadAction\",\"target\":[\"http:\/\/d-teq.de\/media-sports\/impressum\/\"]}]},{\"@type\":\"BreadcrumbList\",\"@id\":\"http:\/\/d-teq.de\/media-sports\/impressum\/#breadcrumb\",\"itemListElement\":[{\"@type\":\"ListItem\",\"position\":1,\"name\":\"Startseite\",\"item\":\"http:\/\/d-teq.de\/media-sports\/\"},{\"@type\":\"ListItem\",\"position\":2,\"name\":\"Impressum\"}]},{\"@type\":\"WebSite\",\"@id\":\"http:\/\/d-teq.de\/media-sports\/#website\",\"url\":\"http:\/\/d-teq.de\/media-sports\/\",\"name\":\"D-TEQ\",\"description\":\"Media &amp; Sports\",\"potentialAction\":[{\"@type\":\"SearchAction\",\"target\":{\"@type\":\"EntryPoint\",\"urlTemplate\":\"http:\/\/d-teq.de\/media-sports\/?s={search_term_string}\"},\"query-input\":{\"@type\":\"PropertyValueSpecification\",\"valueRequired\":true,\"valueName\":\"search_term_string\"}}],\"inLanguage\":\"de\"}]}<\/script>\n<!-- \/ Yoast SEO plugin. -->","yoast_head_json":{"title":"Impressum - D-TEQ","robots":{"index":"index","follow":"follow","max-snippet":"max-snippet:-1","max-image-preview":"max-image-preview:large","max-video-preview":"max-video-preview:-1"},"canonical":"http:\/\/d-teq.de\/media-sports\/impressum\/","og_locale":"de_DE","og_type":"article","og_title":"Impressum - D-TEQ","og_description":"Impressum inhaltl. Verantwortlich gem\u00e4\u00df \u00a7 5 TMG: D-TEQ Hafenstra\u00dfe 12 DE \u2013 76344 Eggenstein-Leopoldshafen Gesch\u00e4ftsf\u00fchrung: Dipl.-Ing. (FH) Darrell Tuxford USt. ID-Nr.: DE204451741 Kontakt: Tel \u00a0 \u00a0 \u00a0 +49 7247 9499-544 Email \u00a0\u00a0info@d-teq.com Webadministrator: Heiko Schlotter support@d-teq.de Datenschutz Die Nutzung unserer Webseite ist in der Regel ohne Angabe personenbezogener Daten m\u00f6glich. Soweit auf unsere Seite die M\u00f6glichkeit zur Eingabe pers\u00f6nlicher oder gesch\u00e4ftlicher Daten (z.B. Emailadressen, Name, etc.) besteht, so erfolgt dies stets auf freiwilliger Basis. Diese Daten werden nicht an Dritte weitergegeben. Copyright Alle Inhalte dieser Webseite dienen ausschlie\u00dflich zur pers\u00f6nlichen Information. Eine kommerzielle Nutzung aller Inhalte ist ohne ausdr\u00fcckliche Genehmigung [...]","og_url":"http:\/\/d-teq.de\/media-sports\/impressum\/","og_site_name":"D-TEQ","article_modified_time":"2017-12-03T18:16:11+00:00","twitter_card":"summary_large_image","twitter_misc":{"Gesch\u00e4tzte Lesezeit":"4\u00a0Minuten"},"schema":{"@context":"https:\/\/schema.org","@graph":[{"@type":"WebPage","@id":"http:\/\/d-teq.de\/media-sports\/impressum\/","url":"http:\/\/d-teq.de\/media-sports\/impressum\/","name":"Impressum - D-TEQ","isPartOf":{"@id":"http:\/\/d-teq.de\/media-sports\/#website"},"datePublished":"2016-03-24T18:21:16+00:00","dateModified":"2017-12-03T18:16:11+00:00","breadcrumb":{"@id":"http:\/\/d-teq.de\/media-sports\/impressum\/#breadcrumb"},"inLanguage":"de","potentialAction":[{"@type":"ReadAction","target":["http:\/\/d-teq.de\/media-sports\/impressum\/"]}]},{"@type":"BreadcrumbList","@id":"http:\/\/d-teq.de\/media-sports\/impressum\/#breadcrumb","itemListElement":[{"@type":"ListItem","position":1,"name":"Startseite","item":"http:\/\/d-teq.de\/media-sports\/"},{"@type":"ListItem","position":2,"name":"Impressum"}]},{"@type":"WebSite","@id":"http:\/\/d-teq.de\/media-sports\/#website","url":"http:\/\/d-teq.de\/media-sports\/","name":"D-TEQ","description":"Media &amp; Sports","potentialAction":[{"@type":"SearchAction","target":{"@type":"EntryPoint","urlTemplate":"http:\/\/d-teq.de\/media-sports\/?s={search_term_string}"},"query-input":{"@type":"PropertyValueSpecification","valueRequired":true,"valueName":"search_term_string"}}],"inLanguage":"de"}]}},"_links":{"self":[{"href":"http:\/\/d-teq.de\/media-sports\/wp-json\/wp\/v2\/pages\/11705","targetHints":{"allow":["GET"]}}],"collection":[{"href":"http:\/\/d-teq.de\/media-sports\/wp-json\/wp\/v2\/pages"}],"about":[{"href":"http:\/\/d-teq.de\/media-sports\/wp-json\/wp\/v2\/types\/page"}],"author":[{"embeddable":true,"href":"http:\/\/d-teq.de\/media-sports\/wp-json\/wp\/v2\/users\/3"}],"replies":[{"embeddable":true,"href":"http:\/\/d-teq.de\/media-sports\/wp-json\/wp\/v2\/comments?post=11705"}],"version-history":[{"count":21,"href":"http:\/\/d-teq.de\/media-sports\/wp-json\/wp\/v2\/pages\/11705\/revisions"}],"predecessor-version":[{"id":12752,"href":"http:\/\/d-teq.de\/media-sports\/wp-json\/wp\/v2\/pages\/11705\/revisions\/12752"}],"wp:attachment":[{"href":"http:\/\/d-teq.de\/media-sports\/wp-json\/wp\/v2\/media?parent=11705"}],"curies":[{"name":"wp","href":"https:\/\/api.w.org\/{rel}","templated":true}]}}