{"id":12025,"date":"2016-06-08T17:59:11","date_gmt":"2016-06-08T15:59:11","guid":{"rendered":"http:\/\/d-teq.de\/media-sports\/?page_id=12025"},"modified":"2017-12-03T20:16:10","modified_gmt":"2017-12-03T18:16:10","slug":"led-anzeigen-fuer-werbung-information-unterhaltung","status":"publish","type":"page","link":"http:\/\/d-teq.de\/media-sports\/led-anzeigen-fuer-werbung-information-unterhaltung\/","title":{"rendered":"LED Anzeigen f\u00fcr Werbung \u2013 Information &#8211; Unterhaltung"},"content":{"rendered":"<p>&nbsp;<\/p>\n<table class=\" aligncenter\" style=\"width: 850px;\">\n<tbody>\n<tr>\n<td style=\"text-align: justify;\"><span style=\"font-family: arial, helvetica, sans-serif; font-size: 12pt;\">LED Anzeigen sind in der heutigen Zeit kaum noch wegzudenken. Kein anderes Medium bietet eine derartige Flexibilit\u00e4t um Informationen schnell, dynamisch und mit h\u00f6chster Aufmerksamkeit dem Kunden darzustellen. Ob f\u00fcr den Innen oder Au\u00dfeneinsatz, es gibt f\u00fcr nahezu jede gew\u00fcnschte Anwendung einen passenden Anzeigentyp.<\/span><\/td>\n<\/tr>\n<\/tbody>\n<\/table>\n<p>&nbsp;<\/p>\n<p><span style=\"font-family: arial, helvetica, sans-serif; font-size: 12pt;\"><a href=\"http:\/\/d-teq.de\/media-sports\/wp-content\/uploads\/2016\/06\/led_multi.jpg\"><img decoding=\"async\" class=\"wp-image-12027 size-full aligncenter\" src=\"http:\/\/d-teq.de\/media-sports\/wp-content\/uploads\/2016\/06\/led_multi.jpg\" alt=\"led_multi\" width=\"844\" height=\"200\" srcset=\"http:\/\/d-teq.de\/media-sports\/wp-content\/uploads\/2016\/06\/led_multi-200x47.jpg 200w, http:\/\/d-teq.de\/media-sports\/wp-content\/uploads\/2016\/06\/led_multi-300x71.jpg 300w, http:\/\/d-teq.de\/media-sports\/wp-content\/uploads\/2016\/06\/led_multi-768x182.jpg 768w, http:\/\/d-teq.de\/media-sports\/wp-content\/uploads\/2016\/06\/led_multi.jpg 844w\" sizes=\"(max-width: 844px) 100vw, 844px\" \/><\/a>\u00a0<\/span><\/p>\n<p>&nbsp;<\/p>\n<table class=\" aligncenter\" style=\"width: 850px;\">\n<tbody>\n<tr>\n<td style=\"text-align: left;\">\n<p style=\"text-align: justify;\"><span style=\"font-family: arial, helvetica, sans-serif; font-size: 12pt;\">LED Displays sind immer ein Blickfang. Bewegte farbige Bilder, interessant aufbereitete Information steigert die Aufmerksamkeit bei den Betrachtern.<\/span><\/p>\n<p>&nbsp;<\/td>\n<\/tr>\n<\/tbody>\n<\/table>\n<table class=\" aligncenter\" style=\"width: 850px;\">\n<tbody>\n<tr>\n<td style=\"text-align: justify;\"><span style=\"font-family: arial, helvetica, sans-serif; font-size: 12pt;\">Im Vergleich zu statisch pr\u00e4sentierte Information bieten LED Anzeigen eine immense Erh\u00f6hung der Werbefrequenz und Werbewirksamkeit; zudem zeigen sich die Anwender als modernes Unternehmen \/ Sportclub die mit der Zeit und Technik gehen und gewinnen so an Image nach au\u00dfen.<\/span><br \/>\n<span style=\"font-family: arial, helvetica, sans-serif; font-size: 12pt;\"> LED Displays k\u00f6nnen Aufgrund der modularen Bauweise, kundenspezifisch, in der entsprechenden Wunschgr\u00f6\u00dfe hergestellt werden. Es gibt unterschiedlichste Typen und Aufl\u00f6sungen der Anzeige je nach Applikation und zur Verf\u00fcgung stehendem Budget.<\/span><br \/>\n<span style=\"font-family: arial, helvetica, sans-serif; font-size: 12pt;\"> Lichtstarke Outdoor LED Anzeigen f\u00fcr den Au\u00dfenbereich bieten selbst bei direkter Sonneneinstrahlung noch ein Bild h\u00f6chster Brillanz und Qualit\u00e4t.<\/span><\/td>\n<\/tr>\n<\/tbody>\n<\/table>\n<p><span style=\"font-family: arial, helvetica, sans-serif; font-size: 12pt;\"><strong>\u00a0<\/strong><\/span><\/p>\n<p>&nbsp;<\/p>\n<table class=\" aligncenter\" style=\"width: 850px;\">\n<tbody>\n<tr>\n<td style=\"text-align: left;\"><span style=\"font-family: arial, helvetica, sans-serif; font-size: 12pt;\"><strong>Unterst\u00fctzung und Beratung durch D-TEQ<\/strong><\/span><\/p>\n<p style=\"text-align: justify;\"><span style=\"font-family: arial, helvetica, sans-serif; font-size: 12pt;\">Egal ob Industrieunternehmen, Sportverein, Messeveranstalter oder Werbeagentur &#8211; wir stehen ihnen gerne als kompetenter Partner beratend zur Seite bei der Realisierung ihres Anzeigen-Projektes und begleiten sie von der Idee bis zum ersten Aufhellen ihrer Anzeige.<\/span><\/p>\n<p>&nbsp;<\/p>\n<p><span style=\"font-family: arial, helvetica, sans-serif; font-size: 12pt;\"><strong>Unsere Dienstleistungen umfassen:<\/strong><\/span><\/p>\n<ul>\n<li><span style=\"font-family: arial, helvetica, sans-serif; font-size: 12pt;\">Standort- \/ Bedarfsanalyse<\/span><\/li>\n<li><span style=\"font-family: arial, helvetica, sans-serif; font-size: 12pt;\">Konzepterarbeitung<\/span><\/li>\n<li><span style=\"font-family: arial, helvetica, sans-serif; font-size: 12pt;\">Ausschreibungsunterst\u00fctzung<\/span><\/li>\n<li><span style=\"font-family: arial, helvetica, sans-serif; font-size: 12pt;\">Lieferantenempfehlung<\/span><\/li>\n<li><span style=\"font-family: arial, helvetica, sans-serif; font-size: 12pt;\">Projektleitung<\/span><\/li>\n<li><span style=\"font-family: arial, helvetica, sans-serif; font-size: 12pt;\">Sourcing und Qualit\u00e4tskontrolle<\/span><\/li>\n<li><span style=\"font-family: arial, helvetica, sans-serif; font-size: 12pt;\">Fertigungs\u00fcberwachung<\/span><\/li>\n<li><span style=\"font-family: arial, helvetica, sans-serif; font-size: 12pt;\">Logistik<\/span><\/li>\n<li><span style=\"font-family: arial, helvetica, sans-serif; font-size: 12pt;\">Installationsbetreuung<\/span><\/li>\n<\/ul>\n<p><span style=\"font-family: arial, helvetica, sans-serif; font-size: 12pt;\"><strong>\u00a0<\/strong><\/span><\/p>\n<p>&nbsp;<\/p>\n<p><span style=\"font-family: arial, helvetica, sans-serif; font-size: 12pt;\"><strong>\u00a0<\/strong><strong>Erfahrung und Kompetenz<\/strong><\/span><\/p>\n<p style=\"text-align: justify;\"><span style=\"font-family: arial, helvetica, sans-serif; font-size: 12pt;\">Wir haben mehr als 10 Jahre Erfahrung in der LED-Anzeigen Branche in den Bereichen Werbe-Anzeigen, Videoanzeigen, Sportanzeigen etc. inkl. Sonderkonstruktionen.<\/span><\/p>\n<p>&nbsp;<\/p>\n<p><span style=\"font-family: arial, helvetica, sans-serif; font-size: 12pt;\"><strong><u>Auszug aus unseren Projekten:<\/u><\/strong><\/span><\/p>\n<p>&nbsp;<\/p>\n<p><span style=\"font-family: arial, helvetica, sans-serif; font-size: 12pt;\"><strong>Videow\u00fcrfel in einer Eishockey-Arena<\/strong><\/span><\/p>\n<p><span style=\"font-family: arial, helvetica, sans-serif; font-size: 12pt;\"><a href=\"http:\/\/d-teq.de\/media-sports\/wp-content\/uploads\/2016\/06\/led_videowuerfel_1.jpg\"><img decoding=\"async\" class=\"alignnone wp-image-12030\" src=\"http:\/\/d-teq.de\/media-sports\/wp-content\/uploads\/2016\/06\/led_videowuerfel_1-300x225.jpg\" alt=\"led_videowuerfel_1\" width=\"400\" height=\"300\" srcset=\"http:\/\/d-teq.de\/media-sports\/wp-content\/uploads\/2016\/06\/led_videowuerfel_1-200x150.jpg 200w, http:\/\/d-teq.de\/media-sports\/wp-content\/uploads\/2016\/06\/led_videowuerfel_1-300x225.jpg 300w, http:\/\/d-teq.de\/media-sports\/wp-content\/uploads\/2016\/06\/led_videowuerfel_1-768x576.jpg 768w, http:\/\/d-teq.de\/media-sports\/wp-content\/uploads\/2016\/06\/led_videowuerfel_1.jpg 800w\" sizes=\"(max-width: 400px) 100vw, 400px\" \/><\/a><\/span><\/p>\n<p><span style=\"font-size: 12pt;\"><strong><span style=\"font-family: arial, helvetica, sans-serif;\">Leistungsumfang D-TEQ<\/span><\/strong><\/span><\/p>\n<ul>\n<li><span style=\"font-family: arial, helvetica, sans-serif; font-size: 12pt;\">Gesamtplanung und Konzeption<\/span><\/li>\n<li><span style=\"font-family: arial, helvetica, sans-serif; font-size: 12pt;\">Sourcing und Qualit\u00e4tskontrolle<\/span><\/li>\n<li><span style=\"font-family: arial, helvetica, sans-serif; font-size: 12pt;\">Fertigungs\u00fcberwachung<\/span><\/li>\n<li><span style=\"font-family: arial, helvetica, sans-serif; font-size: 12pt;\">Installations- \/ Montagebetreuung<\/span><\/li>\n<li><span style=\"font-family: arial, helvetica, sans-serif; font-size: 12pt;\">Betreuung der Inbetriebnahme<\/span><\/li>\n<li><span style=\"font-family: arial, helvetica, sans-serif; font-size: 12pt;\">Systemabnahme<\/span><\/li>\n<\/ul>\n<p><a href=\"http:\/\/d-teq.de\/media-sports\/vollfarben-rgb-led-videowuerfel\/\" target=\"_blank\"><span style=\"font-family: arial, helvetica, sans-serif; font-size: 12pt;\">F\u00fcr weitere Informationen Hier Klicken<\/span><\/a><\/p>\n<p>&nbsp;<\/p>\n<p>&nbsp;<\/p>\n<p><span style=\"font-family: arial, helvetica, sans-serif; font-size: 12pt;\"><strong>Rotierende Infield-Carts mit Anzeigen<\/strong><\/span><\/p>\n<p><span style=\"font-family: arial, helvetica, sans-serif; font-size: 12pt;\"><a href=\"http:\/\/d-teq.de\/media-sports\/wp-content\/uploads\/2016\/06\/led_rotieranzeige_1.jpg\"><img decoding=\"async\" class=\"alignnone wp-image-12029\" src=\"http:\/\/d-teq.de\/media-sports\/wp-content\/uploads\/2016\/06\/led_rotieranzeige_1-300x225.jpg\" alt=\"led_rotieranzeige_1\" width=\"400\" height=\"300\" srcset=\"http:\/\/d-teq.de\/media-sports\/wp-content\/uploads\/2016\/06\/led_rotieranzeige_1-200x150.jpg 200w, http:\/\/d-teq.de\/media-sports\/wp-content\/uploads\/2016\/06\/led_rotieranzeige_1-300x225.jpg 300w, http:\/\/d-teq.de\/media-sports\/wp-content\/uploads\/2016\/06\/led_rotieranzeige_1.jpg 600w\" sizes=\"(max-width: 400px) 100vw, 400px\" \/><\/a><\/span><\/p>\n<p><span style=\"font-size: 12pt;\"><strong><span style=\"font-family: arial, helvetica, sans-serif;\">Leistungsumfang D-TEQ<\/span><\/strong><\/span><\/p>\n<ul>\n<li><span style=\"font-family: arial, helvetica, sans-serif; font-size: 12pt;\">Gesamtplanung und Konstruktion<\/span><\/li>\n<li><span style=\"font-family: arial, helvetica, sans-serif; font-size: 12pt;\">Sourcing und Qualit\u00e4tskontrolle<\/span><\/li>\n<li><span style=\"font-family: arial, helvetica, sans-serif; font-size: 12pt;\">Fertigungs\u00fcberwachung<\/span><\/li>\n<li><span style=\"font-family: arial, helvetica, sans-serif; font-size: 12pt;\">Installations- \/ Montagebetreuung<\/span><\/li>\n<li><span style=\"font-family: arial, helvetica, sans-serif; font-size: 12pt;\">Betreuung der Inbetriebnahme<\/span><\/li>\n<li><span style=\"font-family: arial, helvetica, sans-serif; font-size: 12pt;\">Systemabnahme<\/span><\/li>\n<\/ul>\n<p><a href=\"http:\/\/d-teq.de\/media-sports\/infield-cart-mit-drehbarer-led-anzeigetafel\/\" target=\"_blank\"><span style=\"font-family: arial, helvetica, sans-serif; font-size: 12pt;\">F\u00fcr weitere Informationen Hier Klicken<\/span><\/a><\/p>\n<p>&nbsp;<\/p>\n<p>&nbsp;<\/p>\n<p><span style=\"font-family: arial, helvetica, sans-serif; font-size: 12pt;\"><strong>Mobile Video-Anzeige auf Trailer<\/strong><\/span><\/p>\n<p><span style=\"font-family: arial, helvetica, sans-serif; font-size: 12pt;\"><a href=\"http:\/\/d-teq.de\/media-sports\/wp-content\/uploads\/2016\/06\/led_anhaenger_1.jpg\"><img decoding=\"async\" class=\"alignnone wp-image-12026\" src=\"http:\/\/d-teq.de\/media-sports\/wp-content\/uploads\/2016\/06\/led_anhaenger_1-300x200.jpg\" alt=\"led_anhaenger_1\" width=\"400\" height=\"267\" srcset=\"http:\/\/d-teq.de\/media-sports\/wp-content\/uploads\/2016\/06\/led_anhaenger_1-200x133.jpg 200w, http:\/\/d-teq.de\/media-sports\/wp-content\/uploads\/2016\/06\/led_anhaenger_1-300x200.jpg 300w, http:\/\/d-teq.de\/media-sports\/wp-content\/uploads\/2016\/06\/led_anhaenger_1.jpg 715w\" sizes=\"(max-width: 400px) 100vw, 400px\" \/><\/a><\/span><\/p>\n<p><span style=\"font-size: 12pt;\"><strong><span style=\"font-family: arial, helvetica, sans-serif;\">Leistungsumfang D-TEQ<\/span><\/strong><\/span><\/p>\n<ul>\n<li><span style=\"font-family: arial, helvetica, sans-serif; font-size: 12pt;\">Gesamtplanung und Konstruktion<\/span><\/li>\n<li><span style=\"font-family: arial, helvetica, sans-serif; font-size: 12pt;\">Sourcing und Qualit\u00e4tskontrolle<\/span><\/li>\n<li><span style=\"font-family: arial, helvetica, sans-serif; font-size: 12pt;\">Fertigungs\u00fcberwachung<\/span><\/li>\n<li><span style=\"font-family: arial, helvetica, sans-serif; font-size: 12pt;\">Installations- \/ Montagebetreuung<\/span><\/li>\n<li><span style=\"font-family: arial, helvetica, sans-serif; font-size: 12pt;\">Betreuung der Inbetriebnahme<\/span><\/li>\n<li><span style=\"font-family: arial, helvetica, sans-serif; font-size: 12pt;\">Systemabnahme<\/span><\/li>\n<\/ul>\n<p><a href=\"http:\/\/d-teq.de\/media-sports\/mobile-vollfarben-led-video-anzeigetafel\/\" target=\"_blank\"><span style=\"font-size: 12pt; font-family: arial, helvetica, sans-serif;\">F\u00fcr weitere Informationen Hier Klicken<\/span><\/a><\/p>\n<p>&nbsp;<\/p>\n<p>&nbsp;<\/p>\n<p><span style=\"font-family: arial, helvetica, sans-serif; font-size: 12pt;\"><strong>Werbe- \/ Informationsanzeige<\/strong><\/span><\/p>\n<p><span style=\"font-family: arial, helvetica, sans-serif; font-size: 12pt;\"><a href=\"http:\/\/d-teq.de\/media-sports\/wp-content\/uploads\/2016\/06\/led_outdoor_1.jpg\"><img decoding=\"async\" class=\"alignnone wp-image-12028\" src=\"http:\/\/d-teq.de\/media-sports\/wp-content\/uploads\/2016\/06\/led_outdoor_1-300x200.jpg\" alt=\"led_outdoor_1\" width=\"400\" height=\"267\" srcset=\"http:\/\/d-teq.de\/media-sports\/wp-content\/uploads\/2016\/06\/led_outdoor_1-200x133.jpg 200w, http:\/\/d-teq.de\/media-sports\/wp-content\/uploads\/2016\/06\/led_outdoor_1-300x200.jpg 300w, http:\/\/d-teq.de\/media-sports\/wp-content\/uploads\/2016\/06\/led_outdoor_1-768x512.jpg 768w, http:\/\/d-teq.de\/media-sports\/wp-content\/uploads\/2016\/06\/led_outdoor_1.jpg 800w\" sizes=\"(max-width: 400px) 100vw, 400px\" \/><\/a><\/span><\/p>\n<p><span style=\"font-size: 12pt;\"><strong><span style=\"font-family: arial, helvetica, sans-serif;\">Leistungsumfang D-TEQ<\/span><\/strong><\/span><\/p>\n<ul>\n<li><span style=\"font-family: arial, helvetica, sans-serif; font-size: 12pt;\">Konstruktion<\/span><\/li>\n<li><span style=\"font-family: arial, helvetica, sans-serif; font-size: 12pt;\">Sourcing und Qualit\u00e4tskontrolle<\/span><\/li>\n<li><span style=\"font-family: arial, helvetica, sans-serif; font-size: 12pt;\">Fertigungs\u00fcberwachung<\/span><\/li>\n<li><span style=\"font-family: arial, helvetica, sans-serif; font-size: 12pt;\">Installations- \/ Montagebetreuung<\/span><\/li>\n<li><span style=\"font-family: arial, helvetica, sans-serif; font-size: 12pt;\">Betreuung der Inbetriebnahme<\/span><\/li>\n<li><span style=\"font-family: arial, helvetica, sans-serif; font-size: 12pt;\">Systemabnahme<\/span><\/li>\n<\/ul>\n<p><a href=\"http:\/\/d-teq.de\/media-sports\/vollfarben-led-videowand-reklametafel\/\" target=\"_blank\"><span style=\"font-family: arial, helvetica, sans-serif; font-size: 12pt;\">F\u00fcr weitere Informationen Hier Klicken<\/span><\/a><\/p>\n<p>&nbsp;<\/p>\n<p><span style=\"font-family: arial, helvetica, sans-serif; font-size: 12pt;\"><strong>Sport Video-Anzeigen Indoor \/ Outdoor f\u00fcr Resultate und Werbung<\/strong><\/span><\/p>\n<p><span style=\"font-family: arial, helvetica, sans-serif; font-size: 12pt;\"><a href=\"http:\/\/d-teq.de\/media-sports\/wp-content\/uploads\/2016\/06\/led_video-anzeige.jpg\"><img decoding=\"async\" class=\"alignnone wp-image-12040\" src=\"http:\/\/d-teq.de\/media-sports\/wp-content\/uploads\/2016\/06\/led_video-anzeige-300x218.jpg\" alt=\"led_video-anzeige\" width=\"400\" height=\"291\" srcset=\"http:\/\/d-teq.de\/media-sports\/wp-content\/uploads\/2016\/06\/led_video-anzeige-200x146.jpg 200w, http:\/\/d-teq.de\/media-sports\/wp-content\/uploads\/2016\/06\/led_video-anzeige-220x161.jpg 220w, http:\/\/d-teq.de\/media-sports\/wp-content\/uploads\/2016\/06\/led_video-anzeige-300x218.jpg 300w, http:\/\/d-teq.de\/media-sports\/wp-content\/uploads\/2016\/06\/led_video-anzeige.jpg 500w\" sizes=\"(max-width: 400px) 100vw, 400px\" \/><\/a><\/span><\/p>\n<p><span style=\"font-size: 12pt;\"><strong><span style=\"font-family: arial, helvetica, sans-serif;\">Leistungsumfang D-TEQ<\/span><\/strong><\/span><\/p>\n<ul>\n<li><span style=\"font-family: arial, helvetica, sans-serif; font-size: 12pt;\">Konzept und Konstruktion<\/span><\/li>\n<li><span style=\"font-family: arial, helvetica, sans-serif; font-size: 12pt;\">Sourcing und Qualit\u00e4tskontrolle<\/span><\/li>\n<li><span style=\"font-family: arial, helvetica, sans-serif; font-size: 12pt;\">Fertigungs\u00fcberwachung<\/span><\/li>\n<li><span style=\"font-family: arial, helvetica, sans-serif; font-size: 12pt;\">Installations- \/ Montagebetreuung<\/span><\/li>\n<li><span style=\"font-family: arial, helvetica, sans-serif; font-size: 12pt;\">Betreuung der Inbetriebnahme<\/span><\/li>\n<li><span style=\"font-family: arial, helvetica, sans-serif; font-size: 12pt;\">Systemabnahme<\/span><\/li>\n<\/ul>\n<\/td>\n<\/tr>\n<\/tbody>\n<\/table>\n","protected":false},"excerpt":{"rendered":"<p>&nbsp; LED Anzeigen sind in der heutigen Zeit kaum noch wegzudenken. Kein anderes Medium bietet eine derartige Flexibilit\u00e4t um Informationen schnell, dynamisch und mit h\u00f6chster Aufmerksamkeit dem Kunden darzustellen. Ob f\u00fcr den Innen oder Au\u00dfeneinsatz, es gibt f\u00fcr nahezu jede gew\u00fcnschte Anwendung einen passenden Anzeigentyp. &nbsp; \u00a0 &nbsp; LED Displays sind immer ein Blickfang. Bewegte farbige Bilder, interessant aufbereitete Information steigert die Aufmerksamkeit bei den Betrachtern. &nbsp; Im Vergleich zu statisch pr\u00e4sentierte Information bieten LED Anzeigen eine immense Erh\u00f6hung der Werbefrequenz und Werbewirksamkeit; zudem zeigen sich die Anwender als modernes Unternehmen \/ Sportclub die mit der Zeit und Technik gehen  [&#8230;]<\/p>\n","protected":false},"author":3,"featured_media":0,"parent":0,"menu_order":0,"comment_status":"closed","ping_status":"closed","template":"","meta":{"footnotes":""},"class_list":["post-12025","page","type-page","status-publish","hentry"],"yoast_head":"<!-- This site is optimized with the Yoast SEO plugin v26.7 - https:\/\/yoast.com\/wordpress\/plugins\/seo\/ -->\n<title>LED Anzeigen f\u00fcr Werbung \u2013 Information - Unterhaltung - D-TEQ<\/title>\n<meta name=\"description\" content=\"Hier bieten wir Ihnen LED Anzeigen f\u00fcr Werbung \u2013 Information - Unterhaltung f\u00fcr alle Sportlichen Veranstalltungen. Also schauen Sie vorbei.\" \/>\n<meta name=\"robots\" content=\"index, follow, max-snippet:-1, max-image-preview:large, max-video-preview:-1\" \/>\n<link rel=\"canonical\" href=\"http:\/\/d-teq.de\/media-sports\/led-anzeigen-fuer-werbung-information-unterhaltung\/\" \/>\n<meta property=\"og:locale\" content=\"de_DE\" \/>\n<meta property=\"og:type\" content=\"article\" \/>\n<meta property=\"og:title\" content=\"LED Anzeigen f\u00fcr Werbung \u2013 Information - Unterhaltung - D-TEQ\" \/>\n<meta property=\"og:description\" content=\"Hier bieten wir Ihnen LED Anzeigen f\u00fcr Werbung \u2013 Information - Unterhaltung f\u00fcr alle Sportlichen Veranstalltungen. Also schauen Sie vorbei.\" \/>\n<meta property=\"og:url\" content=\"http:\/\/d-teq.de\/media-sports\/led-anzeigen-fuer-werbung-information-unterhaltung\/\" \/>\n<meta property=\"og:site_name\" content=\"D-TEQ\" \/>\n<meta property=\"article:modified_time\" content=\"2017-12-03T18:16:10+00:00\" \/>\n<meta property=\"og:image\" content=\"http:\/\/d-teq.de\/media-sports\/wp-content\/uploads\/2016\/06\/led_multi.jpg\" \/>\n<meta name=\"twitter:card\" content=\"summary_large_image\" \/>\n<meta name=\"twitter:label1\" content=\"Gesch\u00e4tzte Lesezeit\" \/>\n\t<meta name=\"twitter:data1\" content=\"2\u00a0Minuten\" \/>\n<script type=\"application\/ld+json\" class=\"yoast-schema-graph\">{\"@context\":\"https:\/\/schema.org\",\"@graph\":[{\"@type\":\"WebPage\",\"@id\":\"http:\/\/d-teq.de\/media-sports\/led-anzeigen-fuer-werbung-information-unterhaltung\/\",\"url\":\"http:\/\/d-teq.de\/media-sports\/led-anzeigen-fuer-werbung-information-unterhaltung\/\",\"name\":\"LED Anzeigen f\u00fcr Werbung \u2013 Information - Unterhaltung - D-TEQ\",\"isPartOf\":{\"@id\":\"http:\/\/d-teq.de\/media-sports\/#website\"},\"primaryImageOfPage\":{\"@id\":\"http:\/\/d-teq.de\/media-sports\/led-anzeigen-fuer-werbung-information-unterhaltung\/#primaryimage\"},\"image\":{\"@id\":\"http:\/\/d-teq.de\/media-sports\/led-anzeigen-fuer-werbung-information-unterhaltung\/#primaryimage\"},\"thumbnailUrl\":\"http:\/\/d-teq.de\/media-sports\/wp-content\/uploads\/2016\/06\/led_multi.jpg\",\"datePublished\":\"2016-06-08T15:59:11+00:00\",\"dateModified\":\"2017-12-03T18:16:10+00:00\",\"description\":\"Hier bieten wir Ihnen LED Anzeigen f\u00fcr Werbung \u2013 Information - Unterhaltung f\u00fcr alle Sportlichen Veranstalltungen. Also schauen Sie vorbei.\",\"breadcrumb\":{\"@id\":\"http:\/\/d-teq.de\/media-sports\/led-anzeigen-fuer-werbung-information-unterhaltung\/#breadcrumb\"},\"inLanguage\":\"de\",\"potentialAction\":[{\"@type\":\"ReadAction\",\"target\":[\"http:\/\/d-teq.de\/media-sports\/led-anzeigen-fuer-werbung-information-unterhaltung\/\"]}]},{\"@type\":\"ImageObject\",\"inLanguage\":\"de\",\"@id\":\"http:\/\/d-teq.de\/media-sports\/led-anzeigen-fuer-werbung-information-unterhaltung\/#primaryimage\",\"url\":\"http:\/\/d-teq.de\/media-sports\/wp-content\/uploads\/2016\/06\/led_multi.jpg\",\"contentUrl\":\"http:\/\/d-teq.de\/media-sports\/wp-content\/uploads\/2016\/06\/led_multi.jpg\",\"width\":844,\"height\":200},{\"@type\":\"BreadcrumbList\",\"@id\":\"http:\/\/d-teq.de\/media-sports\/led-anzeigen-fuer-werbung-information-unterhaltung\/#breadcrumb\",\"itemListElement\":[{\"@type\":\"ListItem\",\"position\":1,\"name\":\"Startseite\",\"item\":\"http:\/\/d-teq.de\/media-sports\/\"},{\"@type\":\"ListItem\",\"position\":2,\"name\":\"LED Anzeigen f\u00fcr Werbung \u2013 Information &#8211; Unterhaltung\"}]},{\"@type\":\"WebSite\",\"@id\":\"http:\/\/d-teq.de\/media-sports\/#website\",\"url\":\"http:\/\/d-teq.de\/media-sports\/\",\"name\":\"D-TEQ\",\"description\":\"Media &amp; Sports\",\"potentialAction\":[{\"@type\":\"SearchAction\",\"target\":{\"@type\":\"EntryPoint\",\"urlTemplate\":\"http:\/\/d-teq.de\/media-sports\/?s={search_term_string}\"},\"query-input\":{\"@type\":\"PropertyValueSpecification\",\"valueRequired\":true,\"valueName\":\"search_term_string\"}}],\"inLanguage\":\"de\"}]}<\/script>\n<!-- \/ Yoast SEO plugin. -->","yoast_head_json":{"title":"LED Anzeigen f\u00fcr Werbung \u2013 Information - Unterhaltung - D-TEQ","description":"Hier bieten wir Ihnen LED Anzeigen f\u00fcr Werbung \u2013 Information - Unterhaltung f\u00fcr alle Sportlichen Veranstalltungen. Also schauen Sie vorbei.","robots":{"index":"index","follow":"follow","max-snippet":"max-snippet:-1","max-image-preview":"max-image-preview:large","max-video-preview":"max-video-preview:-1"},"canonical":"http:\/\/d-teq.de\/media-sports\/led-anzeigen-fuer-werbung-information-unterhaltung\/","og_locale":"de_DE","og_type":"article","og_title":"LED Anzeigen f\u00fcr Werbung \u2013 Information - Unterhaltung - D-TEQ","og_description":"Hier bieten wir Ihnen LED Anzeigen f\u00fcr Werbung \u2013 Information - Unterhaltung f\u00fcr alle Sportlichen Veranstalltungen. Also schauen Sie vorbei.","og_url":"http:\/\/d-teq.de\/media-sports\/led-anzeigen-fuer-werbung-information-unterhaltung\/","og_site_name":"D-TEQ","article_modified_time":"2017-12-03T18:16:10+00:00","og_image":[{"url":"http:\/\/d-teq.de\/media-sports\/wp-content\/uploads\/2016\/06\/led_multi.jpg","type":"","width":"","height":""}],"twitter_card":"summary_large_image","twitter_misc":{"Gesch\u00e4tzte Lesezeit":"2\u00a0Minuten"},"schema":{"@context":"https:\/\/schema.org","@graph":[{"@type":"WebPage","@id":"http:\/\/d-teq.de\/media-sports\/led-anzeigen-fuer-werbung-information-unterhaltung\/","url":"http:\/\/d-teq.de\/media-sports\/led-anzeigen-fuer-werbung-information-unterhaltung\/","name":"LED Anzeigen f\u00fcr Werbung \u2013 Information - Unterhaltung - D-TEQ","isPartOf":{"@id":"http:\/\/d-teq.de\/media-sports\/#website"},"primaryImageOfPage":{"@id":"http:\/\/d-teq.de\/media-sports\/led-anzeigen-fuer-werbung-information-unterhaltung\/#primaryimage"},"image":{"@id":"http:\/\/d-teq.de\/media-sports\/led-anzeigen-fuer-werbung-information-unterhaltung\/#primaryimage"},"thumbnailUrl":"http:\/\/d-teq.de\/media-sports\/wp-content\/uploads\/2016\/06\/led_multi.jpg","datePublished":"2016-06-08T15:59:11+00:00","dateModified":"2017-12-03T18:16:10+00:00","description":"Hier bieten wir Ihnen LED Anzeigen f\u00fcr Werbung \u2013 Information - Unterhaltung f\u00fcr alle Sportlichen Veranstalltungen. Also schauen Sie vorbei.","breadcrumb":{"@id":"http:\/\/d-teq.de\/media-sports\/led-anzeigen-fuer-werbung-information-unterhaltung\/#breadcrumb"},"inLanguage":"de","potentialAction":[{"@type":"ReadAction","target":["http:\/\/d-teq.de\/media-sports\/led-anzeigen-fuer-werbung-information-unterhaltung\/"]}]},{"@type":"ImageObject","inLanguage":"de","@id":"http:\/\/d-teq.de\/media-sports\/led-anzeigen-fuer-werbung-information-unterhaltung\/#primaryimage","url":"http:\/\/d-teq.de\/media-sports\/wp-content\/uploads\/2016\/06\/led_multi.jpg","contentUrl":"http:\/\/d-teq.de\/media-sports\/wp-content\/uploads\/2016\/06\/led_multi.jpg","width":844,"height":200},{"@type":"BreadcrumbList","@id":"http:\/\/d-teq.de\/media-sports\/led-anzeigen-fuer-werbung-information-unterhaltung\/#breadcrumb","itemListElement":[{"@type":"ListItem","position":1,"name":"Startseite","item":"http:\/\/d-teq.de\/media-sports\/"},{"@type":"ListItem","position":2,"name":"LED Anzeigen f\u00fcr Werbung \u2013 Information &#8211; Unterhaltung"}]},{"@type":"WebSite","@id":"http:\/\/d-teq.de\/media-sports\/#website","url":"http:\/\/d-teq.de\/media-sports\/","name":"D-TEQ","description":"Media &amp; Sports","potentialAction":[{"@type":"SearchAction","target":{"@type":"EntryPoint","urlTemplate":"http:\/\/d-teq.de\/media-sports\/?s={search_term_string}"},"query-input":{"@type":"PropertyValueSpecification","valueRequired":true,"valueName":"search_term_string"}}],"inLanguage":"de"}]}},"_links":{"self":[{"href":"http:\/\/d-teq.de\/media-sports\/wp-json\/wp\/v2\/pages\/12025","targetHints":{"allow":["GET"]}}],"collection":[{"href":"http:\/\/d-teq.de\/media-sports\/wp-json\/wp\/v2\/pages"}],"about":[{"href":"http:\/\/d-teq.de\/media-sports\/wp-json\/wp\/v2\/types\/page"}],"author":[{"embeddable":true,"href":"http:\/\/d-teq.de\/media-sports\/wp-json\/wp\/v2\/users\/3"}],"replies":[{"embeddable":true,"href":"http:\/\/d-teq.de\/media-sports\/wp-json\/wp\/v2\/comments?post=12025"}],"version-history":[{"count":18,"href":"http:\/\/d-teq.de\/media-sports\/wp-json\/wp\/v2\/pages\/12025\/revisions"}],"predecessor-version":[{"id":12430,"href":"http:\/\/d-teq.de\/media-sports\/wp-json\/wp\/v2\/pages\/12025\/revisions\/12430"}],"wp:attachment":[{"href":"http:\/\/d-teq.de\/media-sports\/wp-json\/wp\/v2\/media?parent=12025"}],"curies":[{"name":"wp","href":"https:\/\/api.w.org\/{rel}","templated":true}]}}