{"id":12055,"date":"2016-06-08T20:01:36","date_gmt":"2016-06-08T18:01:36","guid":{"rendered":"http:\/\/d-teq.de\/media-sports\/?page_id=12055"},"modified":"2017-12-03T20:16:09","modified_gmt":"2017-12-03T18:16:09","slug":"mobile-vollfarben-led-video-anzeigetafel","status":"publish","type":"page","link":"http:\/\/d-teq.de\/media-sports\/mobile-vollfarben-led-video-anzeigetafel\/","title":{"rendered":"Mobile Vollfarben LED Video-Anzeigetafel"},"content":{"rendered":"<p><span style=\"font-size: 12pt; font-family: arial, helvetica, sans-serif;\">Perfekt f\u00fcr Werbung, Sportveranstaltungen, Kultur und sonstige Events<\/span><\/p>\n<p>&nbsp;<\/p>\n<p><span style=\"font-size: 12pt; font-family: arial, helvetica, sans-serif;\"><a href=\"http:\/\/d-teq.de\/media-sports\/wp-content\/uploads\/2016\/06\/led_anhaenger_1.jpg\"><img decoding=\"async\" class=\"alignnone wp-image-12026 size-full\" title=\"Mobile Vollfarben LED Video-Anzeigetafel\" src=\"http:\/\/d-teq.de\/media-sports\/wp-content\/uploads\/2016\/06\/led_anhaenger_1.jpg\" alt=\"led_anhaenger_1\" width=\"715\" height=\"477\" srcset=\"http:\/\/d-teq.de\/media-sports\/wp-content\/uploads\/2016\/06\/led_anhaenger_1-200x133.jpg 200w, http:\/\/d-teq.de\/media-sports\/wp-content\/uploads\/2016\/06\/led_anhaenger_1-300x200.jpg 300w, http:\/\/d-teq.de\/media-sports\/wp-content\/uploads\/2016\/06\/led_anhaenger_1.jpg 715w\" sizes=\"(max-width: 715px) 100vw, 715px\" \/><\/a><\/span><\/p>\n<p style=\"text-align: justify;\"><span style=\"font-size: 12pt; font-family: arial, helvetica, sans-serif;\">Dieser Videoanh\u00e4nger wurde speziell f\u00fcr den flexiblen Einsatz bei kleinere bzw. mittlere Veranstaltungen konzipiert. Die tageslichttaugliche, hochaufl\u00f6sende LED Videowand kann mittels einem integriertem Hubsystem auf ca. 1,80m (untere Bildkante) angehoben werden um den Zuschauern eine optimale , freie Sicht zu garantieren.<\/span><br \/>\n<span style=\"font-size: 12pt; font-family: arial, helvetica, sans-serif;\"> Die hochqualitativen LED Module mit einer Helligkeit von \u00fcber 6000 nits garantieren ein ausgezeichnetes Betrachtungserlebnis &#8211; auch bei direkter Sonneneinstrahlung.<\/span><br \/>\n<span style=\"font-size: 12pt; font-family: arial, helvetica, sans-serif;\"> Unsere LED Videow\u00e4nde haben einen Seitenbetrachtungswinkel von mehr als 120\u00b0 Grad, und garantieren somit auch f\u00fcr seitlich stehendes Publikum eine perfekte Bildqualit\u00e4t.<\/span><br \/>\n<span style=\"font-size: 12pt; font-family: arial, helvetica, sans-serif;\"> F\u00fcr Innenveranstaltungen oder bei r\u00e4umlich begrenzten Gegebenheiten kann die in einem selbst-tragenden, fahrbaren Gestell integrierte Anzeige einfach von dem Trailer gerollt werden und an die richtige Stelle positioniert werden.<\/span><\/p>\n<p style=\"text-align: justify;\"><span style=\"font-size: 12pt; font-family: arial, helvetica, sans-serif;\">Egal welche Show oder Veranstaltung Sie planen \u2013 dieser Trailer passt immer.<\/span><\/p>\n<p>&nbsp;<\/p>\n<p><span style=\"font-size: 12pt; font-family: arial, helvetica, sans-serif;\"><a href=\"http:\/\/d-teq.de\/media-sports\/wp-content\/uploads\/2016\/06\/led_anhaenger_2.jpg\"><img decoding=\"async\" class=\"alignnone wp-image-12063\" title=\"Mobile Vollfarben LED Video-Anzeigetafel\" src=\"http:\/\/d-teq.de\/media-sports\/wp-content\/uploads\/2016\/06\/led_anhaenger_2-300x199.jpg\" alt=\"led_anhaenger_2\" width=\"396\" height=\"263\" srcset=\"http:\/\/d-teq.de\/media-sports\/wp-content\/uploads\/2016\/06\/led_anhaenger_2-200x133.jpg 200w, http:\/\/d-teq.de\/media-sports\/wp-content\/uploads\/2016\/06\/led_anhaenger_2-300x199.jpg 300w, http:\/\/d-teq.de\/media-sports\/wp-content\/uploads\/2016\/06\/led_anhaenger_2.jpg 500w\" sizes=\"(max-width: 396px) 100vw, 396px\" \/><\/a> <a href=\"http:\/\/d-teq.de\/media-sports\/wp-content\/uploads\/2016\/06\/led_anhaenger_3.jpg\"><img decoding=\"async\" class=\"alignnone wp-image-12064\" title=\"Mobile Vollfarben LED Video-Anzeigetafel\" src=\"http:\/\/d-teq.de\/media-sports\/wp-content\/uploads\/2016\/06\/led_anhaenger_3-300x225.jpg\" alt=\"led_anhaenger_3\" width=\"350\" height=\"263\" srcset=\"http:\/\/d-teq.de\/media-sports\/wp-content\/uploads\/2016\/06\/led_anhaenger_3-200x150.jpg 200w, http:\/\/d-teq.de\/media-sports\/wp-content\/uploads\/2016\/06\/led_anhaenger_3-300x225.jpg 300w, http:\/\/d-teq.de\/media-sports\/wp-content\/uploads\/2016\/06\/led_anhaenger_3.jpg 500w\" sizes=\"(max-width: 350px) 100vw, 350px\" \/><\/a><\/span><\/p>\n<table style=\"height: 57px;\" width=\"750\">\n<tbody>\n<tr>\n<td>\n<p style=\"text-align: center;\"><span style=\"font-size: 12pt; font-family: arial, helvetica, sans-serif;\">Schwedische Schwimmmeisterschaften 2007<\/span><\/p>\n<\/td>\n<td style=\"width: 350px;\">\n<p style=\"text-align: center;\"><span style=\"font-size: 12pt; font-family: arial, helvetica, sans-serif;\">Schwimmveranstaltung Schweden<\/span><\/p>\n<\/td>\n<\/tr>\n<\/tbody>\n<\/table>\n<p>&nbsp;<\/p>\n<p><span style=\"font-size: 12pt; font-family: arial, helvetica, sans-serif;\"><strong>Technische Daten<\/strong><\/span><\/p>\n<table style=\"height: 440px;\" width=\"800\">\n<tbody>\n<tr>\n<td><span style=\"font-size: 12pt; font-family: arial, helvetica, sans-serif;\">Anzeigentyp<\/span><\/td>\n<td><span style=\"font-size: 12pt; font-family: arial, helvetica, sans-serif;\">D3X-P16-OH<\/span><\/td>\n<td><span style=\"font-size: 12pt; font-family: arial, helvetica, sans-serif;\">\u00a0<\/span><\/td>\n<td><span style=\"font-size: 12pt; font-family: arial, helvetica, sans-serif;\">Pixelabstand<\/span><\/td>\n<td><span style=\"font-size: 12pt; font-family: arial, helvetica, sans-serif;\">16mm \/ 8mm virtuell<\/span><\/td>\n<\/tr>\n<tr>\n<td><span style=\"font-size: 12pt; font-family: arial, helvetica, sans-serif;\">Anzeigenfl\u00e4che<\/span><\/td>\n<td><span style=\"font-size: 12pt; font-family: arial, helvetica, sans-serif;\">7,08 m\u00b2<\/span><\/td>\n<td><span style=\"font-size: 12pt; font-family: arial, helvetica, sans-serif;\">\u00a0<\/span><\/td>\n<td><span style=\"font-size: 12pt; font-family: arial, helvetica, sans-serif;\">Betrachtungswinkel (H x V)<\/span><\/td>\n<td><span style=\"font-size: 12pt; font-family: arial, helvetica, sans-serif;\">120\u00b0 \/ 55\u00b0<\/span><\/td>\n<\/tr>\n<tr>\n<td><span style=\"font-size: 12pt; font-family: arial, helvetica, sans-serif;\">Abmessungen (V x H)<\/span><\/td>\n<td><span style=\"font-size: 12pt; font-family: arial, helvetica, sans-serif;\">2.304 mm \u00d73.072 mm<\/span><\/td>\n<td><span style=\"font-size: 12pt; font-family: arial, helvetica, sans-serif;\">\u00a0<\/span><\/td>\n<td><span style=\"font-size: 12pt; font-family: arial, helvetica, sans-serif;\">Dargestellte Farben<\/span><\/td>\n<td><span style=\"font-size: 12pt; font-family: arial, helvetica, sans-serif;\">16,7 Millionen<\/span><\/td>\n<\/tr>\n<tr>\n<td><span style=\"font-size: 12pt; font-family: arial, helvetica, sans-serif;\">Aufl\u00f6sung (V x H)<\/span><\/td>\n<td><span style=\"font-size: 12pt; font-family: arial, helvetica, sans-serif;\">144 x 192 pixel<\/span><\/td>\n<td><span style=\"font-size: 12pt; font-family: arial, helvetica, sans-serif;\">\u00a0<\/span><\/td>\n<td><span style=\"font-size: 12pt; font-family: arial, helvetica, sans-serif;\">Betriebstemperatur<\/span><\/td>\n<td><span style=\"font-size: 12pt; font-family: arial, helvetica, sans-serif;\">-20\u00b0 bis +40\u00b0 C<\/span><\/td>\n<\/tr>\n<tr>\n<td><span style=\"font-size: 12pt; font-family: arial, helvetica, sans-serif;\">Pixeldichte<\/span><\/td>\n<td><span style=\"font-size: 12pt; font-family: arial, helvetica, sans-serif;\">3072 \/ m\u00b2<\/span><\/td>\n<td><span style=\"font-size: 12pt; font-family: arial, helvetica, sans-serif;\">\u00a0<\/span><\/td>\n<td><span style=\"font-size: 12pt; font-family: arial, helvetica, sans-serif;\">Anschlusswerte<\/span><\/td>\n<td><span style=\"font-size: 12pt; font-family: arial, helvetica, sans-serif;\">220V\/50HZ bzw. 380V\/60Hz<\/span><\/td>\n<\/tr>\n<tr>\n<td><span style=\"font-size: 12pt; font-family: arial, helvetica, sans-serif;\">Helligkeit<\/span><\/td>\n<td><span style=\"font-size: 12pt; font-family: arial, helvetica, sans-serif;\">&gt;6000 nits<\/span><\/td>\n<td><span style=\"font-size: 12pt; font-family: arial, helvetica, sans-serif;\">\u00a0<\/span><\/td>\n<td><span style=\"font-size: 12pt; font-family: arial, helvetica, sans-serif;\">Leistungsaufnahme<\/span><\/td>\n<td><span style=\"font-size: 12pt; font-family: arial, helvetica, sans-serif;\">13,5kW Spitze \/ 9,5kw Mittl.<\/span><\/td>\n<\/tr>\n<tr>\n<td><span style=\"font-size: 12pt; font-family: arial, helvetica, sans-serif;\">Betrachtungsabstand<\/span><\/td>\n<td><span style=\"font-size: 12pt; font-family: arial, helvetica, sans-serif;\">10-100m<\/span><\/td>\n<td><span style=\"font-size: 12pt; font-family: arial, helvetica, sans-serif;\">\u00a0<\/span><\/td>\n<td><span style=\"font-size: 12pt; font-family: arial, helvetica, sans-serif;\">Videoeing\u00e4nge<\/span><\/td>\n<td><span style=\"font-size: 12pt; font-family: arial, helvetica, sans-serif;\">DVI, S-VIDEO, RGB, VGA etc<\/span><\/td>\n<\/tr>\n<\/tbody>\n<\/table>\n<p>&nbsp;<\/p>\n<p><span style=\"font-size: 12pt; font-family: arial, helvetica, sans-serif;\"><strong>Einsatzbeispiele<\/strong><\/span><\/p>\n<p><span style=\"font-size: 12pt; font-family: arial, helvetica, sans-serif;\"><a href=\"http:\/\/d-teq.de\/media-sports\/wp-content\/uploads\/2016\/06\/led_anhaenger_4.jpg\"><img decoding=\"async\" class=\"alignnone wp-image-12065\" title=\"Mobile Vollfarben LED Video-Anzeigetafel\" src=\"http:\/\/d-teq.de\/media-sports\/wp-content\/uploads\/2016\/06\/led_anhaenger_4-300x225.jpg\" alt=\"led_anhaenger_4\" width=\"350\" height=\"263\" srcset=\"http:\/\/d-teq.de\/media-sports\/wp-content\/uploads\/2016\/06\/led_anhaenger_4-200x150.jpg 200w, http:\/\/d-teq.de\/media-sports\/wp-content\/uploads\/2016\/06\/led_anhaenger_4-300x225.jpg 300w, http:\/\/d-teq.de\/media-sports\/wp-content\/uploads\/2016\/06\/led_anhaenger_4.jpg 426w\" sizes=\"(max-width: 350px) 100vw, 350px\" \/><\/a> <a href=\"http:\/\/d-teq.de\/media-sports\/wp-content\/uploads\/2016\/06\/led_anhaenger_5.jpg\"><img decoding=\"async\" class=\"alignnone wp-image-12066\" title=\"Mobile Vollfarben LED Video-Anzeigetafel\" src=\"http:\/\/d-teq.de\/media-sports\/wp-content\/uploads\/2016\/06\/led_anhaenger_5-300x225.jpg\" alt=\"led_anhaenger_5\" width=\"350\" height=\"263\" srcset=\"http:\/\/d-teq.de\/media-sports\/wp-content\/uploads\/2016\/06\/led_anhaenger_5-200x150.jpg 200w, http:\/\/d-teq.de\/media-sports\/wp-content\/uploads\/2016\/06\/led_anhaenger_5-300x225.jpg 300w, http:\/\/d-teq.de\/media-sports\/wp-content\/uploads\/2016\/06\/led_anhaenger_5.jpg 426w\" sizes=\"(max-width: 350px) 100vw, 350px\" \/><\/a><\/span><\/p>\n<table style=\"height: 63px;\" width=\"710\">\n<tbody>\n<tr>\n<td style=\"width: 340px;\">\n<p style=\"text-align: center;\"><span style=\"font-size: 12pt; font-family: arial, helvetica, sans-serif;\">Anzeige von Sport-Resultate (Scoreboard)<\/span><\/p>\n<\/td>\n<td>\n<p style=\"text-align: center;\"><span style=\"font-size: 12pt; font-family: arial, helvetica, sans-serif;\">Live Video Darstellung direkt vom Camcorder<\/span><\/p>\n<\/td>\n<\/tr>\n<\/tbody>\n<\/table>\n<p>&nbsp;<\/p>\n<p><span style=\"font-family: arial, helvetica, sans-serif; font-size: 12pt;\"><a href=\"http:\/\/d-teq.de\/media-sports\/wp-content\/uploads\/2016\/06\/led_anhaenger_6.jpg\"><img decoding=\"async\" class=\"alignnone wp-image-12067\" title=\"Mobile Vollfarben LED Video-Anzeigetafel\" src=\"http:\/\/d-teq.de\/media-sports\/wp-content\/uploads\/2016\/06\/led_anhaenger_6-300x225.jpg\" alt=\"led_anhaenger_6\" width=\"350\" height=\"263\" srcset=\"http:\/\/d-teq.de\/media-sports\/wp-content\/uploads\/2016\/06\/led_anhaenger_6-200x150.jpg 200w, http:\/\/d-teq.de\/media-sports\/wp-content\/uploads\/2016\/06\/led_anhaenger_6-300x225.jpg 300w, http:\/\/d-teq.de\/media-sports\/wp-content\/uploads\/2016\/06\/led_anhaenger_6.jpg 426w\" sizes=\"(max-width: 350px) 100vw, 350px\" \/><\/a> <a href=\"http:\/\/d-teq.de\/media-sports\/wp-content\/uploads\/2016\/06\/led_anhaenger_7.jpg\"><img decoding=\"async\" class=\"alignnone wp-image-12068\" title=\"Mobile Vollfarben LED Video-Anzeigetafel\" src=\"http:\/\/d-teq.de\/media-sports\/wp-content\/uploads\/2016\/06\/led_anhaenger_7-300x225.jpg\" alt=\"led_anhaenger_7\" width=\"350\" height=\"263\" srcset=\"http:\/\/d-teq.de\/media-sports\/wp-content\/uploads\/2016\/06\/led_anhaenger_7-200x150.jpg 200w, http:\/\/d-teq.de\/media-sports\/wp-content\/uploads\/2016\/06\/led_anhaenger_7-300x225.jpg 300w, http:\/\/d-teq.de\/media-sports\/wp-content\/uploads\/2016\/06\/led_anhaenger_7.jpg 426w\" sizes=\"(max-width: 350px) 100vw, 350px\" \/><\/a><\/span><\/p>\n<table style=\"height: 48px;\" width=\"710\">\n<tbody>\n<tr>\n<td>\n<p style=\"text-align: center;\"><span style=\"font-size: 12pt; font-family: arial, helvetica, sans-serif;\">Sponsor Logo &amp; Werbung (Streamer)<\/span><\/p>\n<\/td>\n<td style=\"width: 350px;\">\n<p style=\"text-align: center;\"><span style=\"font-size: 12pt; font-family: arial, helvetica, sans-serif;\">Filme \/ Unterhaltung \/ Sonstiges<\/span><\/p>\n<\/td>\n<\/tr>\n<\/tbody>\n<\/table>\n<p>&nbsp;<\/p>\n<p>&nbsp;<\/p>\n<p><span style=\"font-family: arial, helvetica, sans-serif; font-size: 12pt;\"><strong>Bildergalerie<\/strong><\/span><\/p>\n<p><span style=\"font-family: arial, helvetica, sans-serif; font-size: 12pt;\"><a href=\"http:\/\/d-teq.de\/media-sports\/wp-content\/uploads\/2016\/06\/pics-mobile-trailer-05-2007-056-300x300.jpg\"><img decoding=\"async\" class=\"alignnone size-full wp-image-12200\" src=\"http:\/\/d-teq.de\/media-sports\/wp-content\/uploads\/2016\/06\/pics-mobile-trailer-05-2007-056-300x300.jpg\" alt=\"pics mobile trailer 05-2007 056 300x300\" width=\"300\" height=\"300\" srcset=\"http:\/\/d-teq.de\/media-sports\/wp-content\/uploads\/2016\/06\/pics-mobile-trailer-05-2007-056-300x300-66x66.jpg 66w, http:\/\/d-teq.de\/media-sports\/wp-content\/uploads\/2016\/06\/pics-mobile-trailer-05-2007-056-300x300-150x150.jpg 150w, http:\/\/d-teq.de\/media-sports\/wp-content\/uploads\/2016\/06\/pics-mobile-trailer-05-2007-056-300x300-200x200.jpg 200w, http:\/\/d-teq.de\/media-sports\/wp-content\/uploads\/2016\/06\/pics-mobile-trailer-05-2007-056-300x300.jpg 300w\" sizes=\"(max-width: 300px) 100vw, 300px\" \/><\/a> <a href=\"http:\/\/d-teq.de\/media-sports\/wp-content\/uploads\/2016\/06\/pics-mobile-trailer-05-2007-065-300x300.jpg\"><img decoding=\"async\" class=\"alignnone size-medium wp-image-12201\" src=\"http:\/\/d-teq.de\/media-sports\/wp-content\/uploads\/2016\/06\/pics-mobile-trailer-05-2007-065-300x300.jpg\" alt=\"pics mobile trailer 05-2007 065 300x300\" width=\"300\" height=\"300\" srcset=\"http:\/\/d-teq.de\/media-sports\/wp-content\/uploads\/2016\/06\/pics-mobile-trailer-05-2007-065-300x300-66x66.jpg 66w, http:\/\/d-teq.de\/media-sports\/wp-content\/uploads\/2016\/06\/pics-mobile-trailer-05-2007-065-300x300-150x150.jpg 150w, http:\/\/d-teq.de\/media-sports\/wp-content\/uploads\/2016\/06\/pics-mobile-trailer-05-2007-065-300x300-200x200.jpg 200w, http:\/\/d-teq.de\/media-sports\/wp-content\/uploads\/2016\/06\/pics-mobile-trailer-05-2007-065-300x300.jpg 300w\" sizes=\"(max-width: 300px) 100vw, 300px\" \/><\/a> <\/span><\/p>\n<p><span style=\"font-family: arial, helvetica, sans-serif; font-size: 12pt;\"><a href=\"http:\/\/d-teq.de\/media-sports\/wp-content\/uploads\/2016\/06\/pics-mobile-trailer-05-2007-084-300x300.jpg\"><img decoding=\"async\" class=\"alignnone size-medium wp-image-12202\" src=\"http:\/\/d-teq.de\/media-sports\/wp-content\/uploads\/2016\/06\/pics-mobile-trailer-05-2007-084-300x300.jpg\" alt=\"pics mobile trailer 05-2007 084 300x300\" width=\"300\" height=\"300\" srcset=\"http:\/\/d-teq.de\/media-sports\/wp-content\/uploads\/2016\/06\/pics-mobile-trailer-05-2007-084-300x300-66x66.jpg 66w, http:\/\/d-teq.de\/media-sports\/wp-content\/uploads\/2016\/06\/pics-mobile-trailer-05-2007-084-300x300-150x150.jpg 150w, http:\/\/d-teq.de\/media-sports\/wp-content\/uploads\/2016\/06\/pics-mobile-trailer-05-2007-084-300x300-200x200.jpg 200w, http:\/\/d-teq.de\/media-sports\/wp-content\/uploads\/2016\/06\/pics-mobile-trailer-05-2007-084-300x300.jpg 300w\" sizes=\"(max-width: 300px) 100vw, 300px\" \/><\/a> <a href=\"http:\/\/d-teq.de\/media-sports\/wp-content\/uploads\/2016\/06\/pics-mobile-trailer-05-2007-092-300x300.jpg\"><img decoding=\"async\" class=\"alignnone size-medium wp-image-12203\" src=\"http:\/\/d-teq.de\/media-sports\/wp-content\/uploads\/2016\/06\/pics-mobile-trailer-05-2007-092-300x300.jpg\" alt=\"pics mobile trailer 05-2007 092 300x300\" width=\"300\" height=\"300\" srcset=\"http:\/\/d-teq.de\/media-sports\/wp-content\/uploads\/2016\/06\/pics-mobile-trailer-05-2007-092-300x300-66x66.jpg 66w, http:\/\/d-teq.de\/media-sports\/wp-content\/uploads\/2016\/06\/pics-mobile-trailer-05-2007-092-300x300-150x150.jpg 150w, http:\/\/d-teq.de\/media-sports\/wp-content\/uploads\/2016\/06\/pics-mobile-trailer-05-2007-092-300x300-200x200.jpg 200w, http:\/\/d-teq.de\/media-sports\/wp-content\/uploads\/2016\/06\/pics-mobile-trailer-05-2007-092-300x300.jpg 300w\" sizes=\"(max-width: 300px) 100vw, 300px\" \/><\/a><\/span><\/p>\n<p>&nbsp;<\/p>\n","protected":false},"excerpt":{"rendered":"<p>Perfekt f\u00fcr Werbung, Sportveranstaltungen, Kultur und sonstige Events &nbsp; Dieser Videoanh\u00e4nger wurde speziell f\u00fcr den flexiblen Einsatz bei kleinere bzw. mittlere Veranstaltungen konzipiert. Die tageslichttaugliche, hochaufl\u00f6sende LED Videowand kann mittels einem integriertem Hubsystem auf ca. 1,80m (untere Bildkante) angehoben werden um den Zuschauern eine optimale , freie Sicht zu garantieren. Die hochqualitativen LED Module mit einer Helligkeit von \u00fcber 6000 nits garantieren ein ausgezeichnetes Betrachtungserlebnis &#8211; auch bei direkter Sonneneinstrahlung. Unsere LED Videow\u00e4nde haben einen Seitenbetrachtungswinkel von mehr als 120\u00b0 Grad, und garantieren somit auch f\u00fcr seitlich stehendes Publikum eine perfekte Bildqualit\u00e4t. F\u00fcr Innenveranstaltungen oder bei r\u00e4umlich begrenzten Gegebenheiten kann  [&#8230;]<\/p>\n","protected":false},"author":3,"featured_media":0,"parent":0,"menu_order":0,"comment_status":"closed","ping_status":"closed","template":"","meta":{"footnotes":""},"class_list":["post-12055","page","type-page","status-publish","hentry"],"yoast_head":"<!-- This site is optimized with the Yoast SEO plugin v26.7 - https:\/\/yoast.com\/wordpress\/plugins\/seo\/ -->\n<title>Mobile Vollfarben LED Video-Anzeigetafel - D-TEQ<\/title>\n<meta name=\"description\" content=\"Dies ist eine Mobile Vollfarben LED Video-Anzeigetafel f\u00fcr f\u00fcr Sportveranstalltungen, Kultur und sonsitgen Events. Werfen Sie einen Blick auf diese Anzeige.\" \/>\n<meta name=\"robots\" content=\"index, follow, max-snippet:-1, max-image-preview:large, max-video-preview:-1\" \/>\n<link rel=\"canonical\" href=\"http:\/\/d-teq.de\/media-sports\/mobile-vollfarben-led-video-anzeigetafel\/\" \/>\n<meta property=\"og:locale\" content=\"de_DE\" \/>\n<meta property=\"og:type\" content=\"article\" \/>\n<meta property=\"og:title\" content=\"Mobile Vollfarben LED Video-Anzeigetafel - D-TEQ\" \/>\n<meta property=\"og:description\" content=\"Dies ist eine Mobile Vollfarben LED Video-Anzeigetafel f\u00fcr f\u00fcr Sportveranstalltungen, Kultur und sonsitgen Events. Werfen Sie einen Blick auf diese Anzeige.\" \/>\n<meta property=\"og:url\" content=\"http:\/\/d-teq.de\/media-sports\/mobile-vollfarben-led-video-anzeigetafel\/\" \/>\n<meta property=\"og:site_name\" content=\"D-TEQ\" \/>\n<meta property=\"article:modified_time\" content=\"2017-12-03T18:16:09+00:00\" \/>\n<meta property=\"og:image\" content=\"http:\/\/d-teq.de\/media-sports\/wp-content\/uploads\/2016\/06\/led_anhaenger_1.jpg\" \/>\n<meta name=\"twitter:card\" content=\"summary_large_image\" \/>\n<meta name=\"twitter:label1\" content=\"Gesch\u00e4tzte Lesezeit\" \/>\n\t<meta name=\"twitter:data1\" content=\"1\u00a0Minute\" \/>\n<script type=\"application\/ld+json\" class=\"yoast-schema-graph\">{\"@context\":\"https:\/\/schema.org\",\"@graph\":[{\"@type\":\"WebPage\",\"@id\":\"http:\/\/d-teq.de\/media-sports\/mobile-vollfarben-led-video-anzeigetafel\/\",\"url\":\"http:\/\/d-teq.de\/media-sports\/mobile-vollfarben-led-video-anzeigetafel\/\",\"name\":\"Mobile Vollfarben LED Video-Anzeigetafel - D-TEQ\",\"isPartOf\":{\"@id\":\"http:\/\/d-teq.de\/media-sports\/#website\"},\"primaryImageOfPage\":{\"@id\":\"http:\/\/d-teq.de\/media-sports\/mobile-vollfarben-led-video-anzeigetafel\/#primaryimage\"},\"image\":{\"@id\":\"http:\/\/d-teq.de\/media-sports\/mobile-vollfarben-led-video-anzeigetafel\/#primaryimage\"},\"thumbnailUrl\":\"http:\/\/d-teq.de\/media-sports\/wp-content\/uploads\/2016\/06\/led_anhaenger_1.jpg\",\"datePublished\":\"2016-06-08T18:01:36+00:00\",\"dateModified\":\"2017-12-03T18:16:09+00:00\",\"description\":\"Dies ist eine Mobile Vollfarben LED Video-Anzeigetafel f\u00fcr f\u00fcr Sportveranstalltungen, Kultur und sonsitgen Events. Werfen Sie einen Blick auf diese Anzeige.\",\"breadcrumb\":{\"@id\":\"http:\/\/d-teq.de\/media-sports\/mobile-vollfarben-led-video-anzeigetafel\/#breadcrumb\"},\"inLanguage\":\"de\",\"potentialAction\":[{\"@type\":\"ReadAction\",\"target\":[\"http:\/\/d-teq.de\/media-sports\/mobile-vollfarben-led-video-anzeigetafel\/\"]}]},{\"@type\":\"ImageObject\",\"inLanguage\":\"de\",\"@id\":\"http:\/\/d-teq.de\/media-sports\/mobile-vollfarben-led-video-anzeigetafel\/#primaryimage\",\"url\":\"http:\/\/d-teq.de\/media-sports\/wp-content\/uploads\/2016\/06\/led_anhaenger_1.jpg\",\"contentUrl\":\"http:\/\/d-teq.de\/media-sports\/wp-content\/uploads\/2016\/06\/led_anhaenger_1.jpg\",\"width\":715,\"height\":477},{\"@type\":\"BreadcrumbList\",\"@id\":\"http:\/\/d-teq.de\/media-sports\/mobile-vollfarben-led-video-anzeigetafel\/#breadcrumb\",\"itemListElement\":[{\"@type\":\"ListItem\",\"position\":1,\"name\":\"Startseite\",\"item\":\"http:\/\/d-teq.de\/media-sports\/\"},{\"@type\":\"ListItem\",\"position\":2,\"name\":\"Mobile Vollfarben LED Video-Anzeigetafel\"}]},{\"@type\":\"WebSite\",\"@id\":\"http:\/\/d-teq.de\/media-sports\/#website\",\"url\":\"http:\/\/d-teq.de\/media-sports\/\",\"name\":\"D-TEQ\",\"description\":\"Media &amp; Sports\",\"potentialAction\":[{\"@type\":\"SearchAction\",\"target\":{\"@type\":\"EntryPoint\",\"urlTemplate\":\"http:\/\/d-teq.de\/media-sports\/?s={search_term_string}\"},\"query-input\":{\"@type\":\"PropertyValueSpecification\",\"valueRequired\":true,\"valueName\":\"search_term_string\"}}],\"inLanguage\":\"de\"}]}<\/script>\n<!-- \/ Yoast SEO plugin. -->","yoast_head_json":{"title":"Mobile Vollfarben LED Video-Anzeigetafel - D-TEQ","description":"Dies ist eine Mobile Vollfarben LED Video-Anzeigetafel f\u00fcr f\u00fcr Sportveranstalltungen, Kultur und sonsitgen Events. Werfen Sie einen Blick auf diese Anzeige.","robots":{"index":"index","follow":"follow","max-snippet":"max-snippet:-1","max-image-preview":"max-image-preview:large","max-video-preview":"max-video-preview:-1"},"canonical":"http:\/\/d-teq.de\/media-sports\/mobile-vollfarben-led-video-anzeigetafel\/","og_locale":"de_DE","og_type":"article","og_title":"Mobile Vollfarben LED Video-Anzeigetafel - D-TEQ","og_description":"Dies ist eine Mobile Vollfarben LED Video-Anzeigetafel f\u00fcr f\u00fcr Sportveranstalltungen, Kultur und sonsitgen Events. Werfen Sie einen Blick auf diese Anzeige.","og_url":"http:\/\/d-teq.de\/media-sports\/mobile-vollfarben-led-video-anzeigetafel\/","og_site_name":"D-TEQ","article_modified_time":"2017-12-03T18:16:09+00:00","og_image":[{"url":"http:\/\/d-teq.de\/media-sports\/wp-content\/uploads\/2016\/06\/led_anhaenger_1.jpg","type":"","width":"","height":""}],"twitter_card":"summary_large_image","twitter_misc":{"Gesch\u00e4tzte Lesezeit":"1\u00a0Minute"},"schema":{"@context":"https:\/\/schema.org","@graph":[{"@type":"WebPage","@id":"http:\/\/d-teq.de\/media-sports\/mobile-vollfarben-led-video-anzeigetafel\/","url":"http:\/\/d-teq.de\/media-sports\/mobile-vollfarben-led-video-anzeigetafel\/","name":"Mobile Vollfarben LED Video-Anzeigetafel - D-TEQ","isPartOf":{"@id":"http:\/\/d-teq.de\/media-sports\/#website"},"primaryImageOfPage":{"@id":"http:\/\/d-teq.de\/media-sports\/mobile-vollfarben-led-video-anzeigetafel\/#primaryimage"},"image":{"@id":"http:\/\/d-teq.de\/media-sports\/mobile-vollfarben-led-video-anzeigetafel\/#primaryimage"},"thumbnailUrl":"http:\/\/d-teq.de\/media-sports\/wp-content\/uploads\/2016\/06\/led_anhaenger_1.jpg","datePublished":"2016-06-08T18:01:36+00:00","dateModified":"2017-12-03T18:16:09+00:00","description":"Dies ist eine Mobile Vollfarben LED Video-Anzeigetafel f\u00fcr f\u00fcr Sportveranstalltungen, Kultur und sonsitgen Events. Werfen Sie einen Blick auf diese Anzeige.","breadcrumb":{"@id":"http:\/\/d-teq.de\/media-sports\/mobile-vollfarben-led-video-anzeigetafel\/#breadcrumb"},"inLanguage":"de","potentialAction":[{"@type":"ReadAction","target":["http:\/\/d-teq.de\/media-sports\/mobile-vollfarben-led-video-anzeigetafel\/"]}]},{"@type":"ImageObject","inLanguage":"de","@id":"http:\/\/d-teq.de\/media-sports\/mobile-vollfarben-led-video-anzeigetafel\/#primaryimage","url":"http:\/\/d-teq.de\/media-sports\/wp-content\/uploads\/2016\/06\/led_anhaenger_1.jpg","contentUrl":"http:\/\/d-teq.de\/media-sports\/wp-content\/uploads\/2016\/06\/led_anhaenger_1.jpg","width":715,"height":477},{"@type":"BreadcrumbList","@id":"http:\/\/d-teq.de\/media-sports\/mobile-vollfarben-led-video-anzeigetafel\/#breadcrumb","itemListElement":[{"@type":"ListItem","position":1,"name":"Startseite","item":"http:\/\/d-teq.de\/media-sports\/"},{"@type":"ListItem","position":2,"name":"Mobile Vollfarben LED Video-Anzeigetafel"}]},{"@type":"WebSite","@id":"http:\/\/d-teq.de\/media-sports\/#website","url":"http:\/\/d-teq.de\/media-sports\/","name":"D-TEQ","description":"Media &amp; Sports","potentialAction":[{"@type":"SearchAction","target":{"@type":"EntryPoint","urlTemplate":"http:\/\/d-teq.de\/media-sports\/?s={search_term_string}"},"query-input":{"@type":"PropertyValueSpecification","valueRequired":true,"valueName":"search_term_string"}}],"inLanguage":"de"}]}},"_links":{"self":[{"href":"http:\/\/d-teq.de\/media-sports\/wp-json\/wp\/v2\/pages\/12055","targetHints":{"allow":["GET"]}}],"collection":[{"href":"http:\/\/d-teq.de\/media-sports\/wp-json\/wp\/v2\/pages"}],"about":[{"href":"http:\/\/d-teq.de\/media-sports\/wp-json\/wp\/v2\/types\/page"}],"author":[{"embeddable":true,"href":"http:\/\/d-teq.de\/media-sports\/wp-json\/wp\/v2\/users\/3"}],"replies":[{"embeddable":true,"href":"http:\/\/d-teq.de\/media-sports\/wp-json\/wp\/v2\/comments?post=12055"}],"version-history":[{"count":11,"href":"http:\/\/d-teq.de\/media-sports\/wp-json\/wp\/v2\/pages\/12055\/revisions"}],"predecessor-version":[{"id":12678,"href":"http:\/\/d-teq.de\/media-sports\/wp-json\/wp\/v2\/pages\/12055\/revisions\/12678"}],"wp:attachment":[{"href":"http:\/\/d-teq.de\/media-sports\/wp-json\/wp\/v2\/media?parent=12055"}],"curies":[{"name":"wp","href":"https:\/\/api.w.org\/{rel}","templated":true}]}}