{"id":12114,"date":"2016-06-20T15:28:52","date_gmt":"2016-06-20T13:28:52","guid":{"rendered":"http:\/\/d-teq.de\/media-sports\/?page_id=12114"},"modified":"2017-12-03T20:16:08","modified_gmt":"2017-12-03T18:16:08","slug":"leistungen","status":"publish","type":"page","link":"http:\/\/d-teq.de\/media-sports\/leistungen\/","title":{"rendered":"Leistungen"},"content":{"rendered":"<p><span style=\"color: #000000;\"><strong><span style=\"font-family: arial, helvetica, sans-serif; font-size: 12pt;\">Leistungen<\/span><\/strong><\/span><\/p>\n<ul>\n<li><span style=\"font-family: arial,helvetica,sans-serif; font-size: 12pt;\">Fachhandel f\u00fcr hochwertige Sportger\u00e4te namhafter Markenhersteller f\u00fcr Sportanlagen, Schulsport- und Vereinsbedarf (Leichtathletik, Schwimmsport und Wasserball)<\/span><\/li>\n<li><span style=\"font-family: arial,helvetica,sans-serif; font-size: 12pt;\">Zeitmessanlagen<\/span><\/li>\n<li><span style=\"font-family: arial, helvetica, sans-serif; font-size: 12pt;\">Planung, Einrichtung und Ausstattung von Sportst\u00e4tten, Stadien und Arenen<\/span><\/li>\n<li><span style=\"font-family: arial, helvetica, sans-serif; font-size: 12pt;\">Technische Beratung und Unterst\u00fctzung f\u00fcr LED-Anzeigen\/Videowalls<\/span><\/li>\n<\/ul>\n<p>&nbsp;<\/p>\n<p><span style=\"font-family: arial, helvetica, sans-serif; font-size: 12pt;\">Zu unseren Lieferanten z\u00e4hlen:<\/span><\/p>\n<p><span style=\"font-family: arial, helvetica, sans-serif; font-size: 12pt;\"><img decoding=\"async\" class=\"aligncenter wp-image-12248\" src=\"http:\/\/d-teq.de\/media-sports\/wp-content\/uploads\/2016\/06\/Header_Hersteller_LA-300x56.jpg\" alt=\"Header_Hersteller_LA\" width=\"533\" height=\"100\" srcset=\"http:\/\/d-teq.de\/media-sports\/wp-content\/uploads\/2016\/06\/Header_Hersteller_LA-200x38.jpg 200w, http:\/\/d-teq.de\/media-sports\/wp-content\/uploads\/2016\/06\/Header_Hersteller_LA-300x56.jpg 300w, http:\/\/d-teq.de\/media-sports\/wp-content\/uploads\/2016\/06\/Header_Hersteller_LA-400x75.jpg 400w, http:\/\/d-teq.de\/media-sports\/wp-content\/uploads\/2016\/06\/Header_Hersteller_LA-600x113.jpg 600w, http:\/\/d-teq.de\/media-sports\/wp-content\/uploads\/2016\/06\/Header_Hersteller_LA-768x144.jpg 768w, http:\/\/d-teq.de\/media-sports\/wp-content\/uploads\/2016\/06\/Header_Hersteller_LA-800x150.jpg 800w, http:\/\/d-teq.de\/media-sports\/wp-content\/uploads\/2016\/06\/Header_Hersteller_LA-1024x192.jpg 1024w, http:\/\/d-teq.de\/media-sports\/wp-content\/uploads\/2016\/06\/Header_Hersteller_LA.jpg 1200w\" sizes=\"(max-width: 533px) 100vw, 533px\" \/><\/span><\/p>\n<p>&nbsp;<\/p>\n<p><span style=\"font-family: arial, helvetica, sans-serif; font-size: 12pt;\">Kundenzufriedenheit steht an erster Stelle. Wir sind erst zufrieden wenn Sie es sind.<\/span><\/p>\n<p><span style=\"font-family: arial, helvetica, sans-serif; font-size: 12pt;\"><div class=\"fusion-fullwidth fullwidth-box fusion-builder-row-1 hundred-percent-fullwidth non-hundred-percent-height-scrolling\" style=\"--awb-border-radius-top-left:0px;--awb-border-radius-top-right:0px;--awb-border-radius-bottom-right:0px;--awb-border-radius-bottom-left:0px;--awb-overflow:visible;--awb-margin-top:40px;--awb-margin-bottom:40px;--awb-background-color:rgba(255,255,255,0);--awb-flex-wrap:wrap;\" ><div class=\"fusion-builder-row fusion-row\"><div class=\"fusion-layout-column fusion_builder_column fusion-builder-column-0 fusion_builder_column_1_1 1_1 fusion-one-full fusion-column-first fusion-column-last fusion-column-no-min-height\" style=\"--awb-bg-size:cover;--awb-margin-bottom:0px;\"><div class=\"fusion-column-wrapper fusion-flex-column-wrapper-legacy\"><div class=\"fusion-sep-clear\"><\/div><div class=\"fusion-separator fusion-full-width-sep\" style=\"margin-left: auto;margin-right: auto;width:100%;\"><\/div><div class=\"fusion-sep-clear\"><\/div><div class=\"fusion-clearfix\"><\/div><\/div><\/div><\/div><\/div><\/p>\n","protected":false},"excerpt":{"rendered":"<p>Leistungen Fachhandel f\u00fcr hochwertige Sportger\u00e4te namhafter Markenhersteller f\u00fcr Sportanlagen, Schulsport- und Vereinsbedarf (Leichtathletik, Schwimmsport und Wasserball) Zeitmessanlagen Planung, Einrichtung und Ausstattung von Sportst\u00e4tten, Stadien und Arenen Technische Beratung und Unterst\u00fctzung f\u00fcr LED-Anzeigen\/Videowalls &nbsp; Zu unseren Lieferanten z\u00e4hlen: &nbsp; Kundenzufriedenheit steht an erster Stelle. Wir sind erst zufrieden wenn Sie es sind.<\/p>\n","protected":false},"author":3,"featured_media":0,"parent":0,"menu_order":0,"comment_status":"closed","ping_status":"closed","template":"","meta":{"footnotes":""},"class_list":["post-12114","page","type-page","status-publish","hentry"],"yoast_head":"<!-- This site is optimized with the Yoast SEO plugin v26.7 - https:\/\/yoast.com\/wordpress\/plugins\/seo\/ -->\n<title>Leistungen - D-TEQ<\/title>\n<meta name=\"description\" content=\"Hier haben wir f\u00fcr Sie alle Leistungen der Firma D-TEQ Media&amp;Sports aufgelistet. \u00dcberzeugen Sie sich selbst von den Leistungen der Firma D-TEQ.\" \/>\n<meta name=\"robots\" content=\"index, follow, max-snippet:-1, max-image-preview:large, max-video-preview:-1\" \/>\n<link rel=\"canonical\" href=\"http:\/\/d-teq.de\/media-sports\/leistungen\/\" \/>\n<meta property=\"og:locale\" content=\"de_DE\" \/>\n<meta property=\"og:type\" content=\"article\" \/>\n<meta property=\"og:title\" content=\"Leistungen - D-TEQ\" \/>\n<meta property=\"og:description\" content=\"Hier haben wir f\u00fcr Sie alle Leistungen der Firma D-TEQ Media&amp;Sports aufgelistet. \u00dcberzeugen Sie sich selbst von den Leistungen der Firma D-TEQ.\" \/>\n<meta property=\"og:url\" content=\"http:\/\/d-teq.de\/media-sports\/leistungen\/\" \/>\n<meta property=\"og:site_name\" content=\"D-TEQ\" \/>\n<meta property=\"article:modified_time\" content=\"2017-12-03T18:16:08+00:00\" \/>\n<meta property=\"og:image\" content=\"http:\/\/d-teq.de\/media-sports\/wp-content\/uploads\/2016\/06\/Header_Hersteller_LA-300x56.jpg\" \/>\n<meta name=\"twitter:card\" content=\"summary_large_image\" \/>\n<meta name=\"twitter:label1\" content=\"Gesch\u00e4tzte Lesezeit\" \/>\n\t<meta name=\"twitter:data1\" content=\"1\u00a0Minute\" \/>\n<script type=\"application\/ld+json\" class=\"yoast-schema-graph\">{\"@context\":\"https:\/\/schema.org\",\"@graph\":[{\"@type\":\"WebPage\",\"@id\":\"http:\/\/d-teq.de\/media-sports\/leistungen\/\",\"url\":\"http:\/\/d-teq.de\/media-sports\/leistungen\/\",\"name\":\"Leistungen - D-TEQ\",\"isPartOf\":{\"@id\":\"http:\/\/d-teq.de\/media-sports\/#website\"},\"primaryImageOfPage\":{\"@id\":\"http:\/\/d-teq.de\/media-sports\/leistungen\/#primaryimage\"},\"image\":{\"@id\":\"http:\/\/d-teq.de\/media-sports\/leistungen\/#primaryimage\"},\"thumbnailUrl\":\"http:\/\/d-teq.de\/media-sports\/wp-content\/uploads\/2016\/06\/Header_Hersteller_LA-300x56.jpg\",\"datePublished\":\"2016-06-20T13:28:52+00:00\",\"dateModified\":\"2017-12-03T18:16:08+00:00\",\"description\":\"Hier haben wir f\u00fcr Sie alle Leistungen der Firma D-TEQ Media&Sports aufgelistet. \u00dcberzeugen Sie sich selbst von den Leistungen der Firma D-TEQ.\",\"breadcrumb\":{\"@id\":\"http:\/\/d-teq.de\/media-sports\/leistungen\/#breadcrumb\"},\"inLanguage\":\"de\",\"potentialAction\":[{\"@type\":\"ReadAction\",\"target\":[\"http:\/\/d-teq.de\/media-sports\/leistungen\/\"]}]},{\"@type\":\"ImageObject\",\"inLanguage\":\"de\",\"@id\":\"http:\/\/d-teq.de\/media-sports\/leistungen\/#primaryimage\",\"url\":\"http:\/\/d-teq.de\/media-sports\/wp-content\/uploads\/2016\/06\/Header_Hersteller_LA.jpg\",\"contentUrl\":\"http:\/\/d-teq.de\/media-sports\/wp-content\/uploads\/2016\/06\/Header_Hersteller_LA.jpg\",\"width\":1200,\"height\":225},{\"@type\":\"BreadcrumbList\",\"@id\":\"http:\/\/d-teq.de\/media-sports\/leistungen\/#breadcrumb\",\"itemListElement\":[{\"@type\":\"ListItem\",\"position\":1,\"name\":\"Startseite\",\"item\":\"http:\/\/d-teq.de\/media-sports\/\"},{\"@type\":\"ListItem\",\"position\":2,\"name\":\"Leistungen\"}]},{\"@type\":\"WebSite\",\"@id\":\"http:\/\/d-teq.de\/media-sports\/#website\",\"url\":\"http:\/\/d-teq.de\/media-sports\/\",\"name\":\"D-TEQ\",\"description\":\"Media &amp; Sports\",\"potentialAction\":[{\"@type\":\"SearchAction\",\"target\":{\"@type\":\"EntryPoint\",\"urlTemplate\":\"http:\/\/d-teq.de\/media-sports\/?s={search_term_string}\"},\"query-input\":{\"@type\":\"PropertyValueSpecification\",\"valueRequired\":true,\"valueName\":\"search_term_string\"}}],\"inLanguage\":\"de\"}]}<\/script>\n<!-- \/ Yoast SEO plugin. -->","yoast_head_json":{"title":"Leistungen - D-TEQ","description":"Hier haben wir f\u00fcr Sie alle Leistungen der Firma D-TEQ Media&Sports aufgelistet. \u00dcberzeugen Sie sich selbst von den Leistungen der Firma D-TEQ.","robots":{"index":"index","follow":"follow","max-snippet":"max-snippet:-1","max-image-preview":"max-image-preview:large","max-video-preview":"max-video-preview:-1"},"canonical":"http:\/\/d-teq.de\/media-sports\/leistungen\/","og_locale":"de_DE","og_type":"article","og_title":"Leistungen - D-TEQ","og_description":"Hier haben wir f\u00fcr Sie alle Leistungen der Firma D-TEQ Media&Sports aufgelistet. \u00dcberzeugen Sie sich selbst von den Leistungen der Firma D-TEQ.","og_url":"http:\/\/d-teq.de\/media-sports\/leistungen\/","og_site_name":"D-TEQ","article_modified_time":"2017-12-03T18:16:08+00:00","og_image":[{"url":"http:\/\/d-teq.de\/media-sports\/wp-content\/uploads\/2016\/06\/Header_Hersteller_LA-300x56.jpg","type":"","width":"","height":""}],"twitter_card":"summary_large_image","twitter_misc":{"Gesch\u00e4tzte Lesezeit":"1\u00a0Minute"},"schema":{"@context":"https:\/\/schema.org","@graph":[{"@type":"WebPage","@id":"http:\/\/d-teq.de\/media-sports\/leistungen\/","url":"http:\/\/d-teq.de\/media-sports\/leistungen\/","name":"Leistungen - D-TEQ","isPartOf":{"@id":"http:\/\/d-teq.de\/media-sports\/#website"},"primaryImageOfPage":{"@id":"http:\/\/d-teq.de\/media-sports\/leistungen\/#primaryimage"},"image":{"@id":"http:\/\/d-teq.de\/media-sports\/leistungen\/#primaryimage"},"thumbnailUrl":"http:\/\/d-teq.de\/media-sports\/wp-content\/uploads\/2016\/06\/Header_Hersteller_LA-300x56.jpg","datePublished":"2016-06-20T13:28:52+00:00","dateModified":"2017-12-03T18:16:08+00:00","description":"Hier haben wir f\u00fcr Sie alle Leistungen der Firma D-TEQ Media&Sports aufgelistet. \u00dcberzeugen Sie sich selbst von den Leistungen der Firma D-TEQ.","breadcrumb":{"@id":"http:\/\/d-teq.de\/media-sports\/leistungen\/#breadcrumb"},"inLanguage":"de","potentialAction":[{"@type":"ReadAction","target":["http:\/\/d-teq.de\/media-sports\/leistungen\/"]}]},{"@type":"ImageObject","inLanguage":"de","@id":"http:\/\/d-teq.de\/media-sports\/leistungen\/#primaryimage","url":"http:\/\/d-teq.de\/media-sports\/wp-content\/uploads\/2016\/06\/Header_Hersteller_LA.jpg","contentUrl":"http:\/\/d-teq.de\/media-sports\/wp-content\/uploads\/2016\/06\/Header_Hersteller_LA.jpg","width":1200,"height":225},{"@type":"BreadcrumbList","@id":"http:\/\/d-teq.de\/media-sports\/leistungen\/#breadcrumb","itemListElement":[{"@type":"ListItem","position":1,"name":"Startseite","item":"http:\/\/d-teq.de\/media-sports\/"},{"@type":"ListItem","position":2,"name":"Leistungen"}]},{"@type":"WebSite","@id":"http:\/\/d-teq.de\/media-sports\/#website","url":"http:\/\/d-teq.de\/media-sports\/","name":"D-TEQ","description":"Media &amp; Sports","potentialAction":[{"@type":"SearchAction","target":{"@type":"EntryPoint","urlTemplate":"http:\/\/d-teq.de\/media-sports\/?s={search_term_string}"},"query-input":{"@type":"PropertyValueSpecification","valueRequired":true,"valueName":"search_term_string"}}],"inLanguage":"de"}]}},"_links":{"self":[{"href":"http:\/\/d-teq.de\/media-sports\/wp-json\/wp\/v2\/pages\/12114","targetHints":{"allow":["GET"]}}],"collection":[{"href":"http:\/\/d-teq.de\/media-sports\/wp-json\/wp\/v2\/pages"}],"about":[{"href":"http:\/\/d-teq.de\/media-sports\/wp-json\/wp\/v2\/types\/page"}],"author":[{"embeddable":true,"href":"http:\/\/d-teq.de\/media-sports\/wp-json\/wp\/v2\/users\/3"}],"replies":[{"embeddable":true,"href":"http:\/\/d-teq.de\/media-sports\/wp-json\/wp\/v2\/comments?post=12114"}],"version-history":[{"count":15,"href":"http:\/\/d-teq.de\/media-sports\/wp-json\/wp\/v2\/pages\/12114\/revisions"}],"predecessor-version":[{"id":12859,"href":"http:\/\/d-teq.de\/media-sports\/wp-json\/wp\/v2\/pages\/12114\/revisions\/12859"}],"wp:attachment":[{"href":"http:\/\/d-teq.de\/media-sports\/wp-json\/wp\/v2\/media?parent=12114"}],"curies":[{"name":"wp","href":"https:\/\/api.w.org\/{rel}","templated":true}]}}