{"id":12582,"date":"2016-07-28T18:25:06","date_gmt":"2016-07-28T16:25:06","guid":{"rendered":"http:\/\/d-teq.de\/media-sports\/?page_id=12582"},"modified":"2017-12-03T20:16:06","modified_gmt":"2017-12-03T18:16:06","slug":"sportstaetten-stadionplanung","status":"publish","type":"page","link":"http:\/\/d-teq.de\/media-sports\/sportstaetten-stadionplanung\/","title":{"rendered":"Sportst\u00e4tten &#038; Stadionplanung"},"content":{"rendered":"<h1 style=\"text-align: center;\"><span style=\"font-family: arial,helvetica,sans-serif; font-size: 14pt;\">Derzeit befindet sich diese Kategorie im Aufbau<\/span><\/h1>\n<p><img decoding=\"async\" class=\"aligncenter wp-image-12119 size-full\" title=\"Sportst\u00e4tten &amp; Stadionplanung\" src=\"http:\/\/d-teq.de\/media-sports\/wp-content\/uploads\/2016\/06\/Unternehmen-Header.jpg\" alt=\"Unternehmen Header\" width=\"1200\" height=\"400\" srcset=\"http:\/\/d-teq.de\/media-sports\/wp-content\/uploads\/2016\/06\/Unternehmen-Header-200x67.jpg 200w, http:\/\/d-teq.de\/media-sports\/wp-content\/uploads\/2016\/06\/Unternehmen-Header-300x100.jpg 300w, http:\/\/d-teq.de\/media-sports\/wp-content\/uploads\/2016\/06\/Unternehmen-Header-768x256.jpg 768w, http:\/\/d-teq.de\/media-sports\/wp-content\/uploads\/2016\/06\/Unternehmen-Header-1024x341.jpg 1024w, http:\/\/d-teq.de\/media-sports\/wp-content\/uploads\/2016\/06\/Unternehmen-Header.jpg 1200w\" sizes=\"(max-width: 1200px) 100vw, 1200px\" \/><\/p>\n<p>&nbsp;<\/p>\n","protected":false},"excerpt":{"rendered":"<p>Derzeit befindet sich diese Kategorie im Aufbau &nbsp;<\/p>\n","protected":false},"author":3,"featured_media":0,"parent":0,"menu_order":0,"comment_status":"closed","ping_status":"closed","template":"","meta":{"footnotes":""},"class_list":["post-12582","page","type-page","status-publish","hentry"],"yoast_head":"<!-- This site is optimized with the Yoast SEO plugin v26.7 - https:\/\/yoast.com\/wordpress\/plugins\/seo\/ -->\n<title>Sportst\u00e4tten &amp; Stadionplanung - D-TEQ<\/title>\n<meta name=\"description\" content=\"Hier finden Sie alle Informationen zum Thema Sportst\u00e4tten &amp; Stadionplanung. Besuchen Sie unsere Website und \u00fcberzeugen Sie sich von der Leistung D-TEQ&#039;s.\" \/>\n<meta name=\"robots\" content=\"index, follow, max-snippet:-1, max-image-preview:large, max-video-preview:-1\" \/>\n<link rel=\"canonical\" href=\"http:\/\/d-teq.de\/media-sports\/sportstaetten-stadionplanung\/\" \/>\n<meta property=\"og:locale\" content=\"de_DE\" \/>\n<meta property=\"og:type\" content=\"article\" \/>\n<meta property=\"og:title\" content=\"Sportst\u00e4tten &amp; Stadionplanung - D-TEQ\" \/>\n<meta property=\"og:description\" content=\"Hier finden Sie alle Informationen zum Thema Sportst\u00e4tten &amp; Stadionplanung. Besuchen Sie unsere Website und \u00fcberzeugen Sie sich von der Leistung D-TEQ&#039;s.\" \/>\n<meta property=\"og:url\" content=\"http:\/\/d-teq.de\/media-sports\/sportstaetten-stadionplanung\/\" \/>\n<meta property=\"og:site_name\" content=\"D-TEQ\" \/>\n<meta property=\"article:modified_time\" content=\"2017-12-03T18:16:06+00:00\" \/>\n<meta property=\"og:image\" content=\"http:\/\/d-teq.de\/media-sports\/wp-content\/uploads\/2016\/06\/Unternehmen-Header.jpg\" \/>\n<meta name=\"twitter:card\" content=\"summary_large_image\" \/>\n<script type=\"application\/ld+json\" class=\"yoast-schema-graph\">{\"@context\":\"https:\/\/schema.org\",\"@graph\":[{\"@type\":\"WebPage\",\"@id\":\"http:\/\/d-teq.de\/media-sports\/sportstaetten-stadionplanung\/\",\"url\":\"http:\/\/d-teq.de\/media-sports\/sportstaetten-stadionplanung\/\",\"name\":\"Sportst\u00e4tten & Stadionplanung - D-TEQ\",\"isPartOf\":{\"@id\":\"http:\/\/d-teq.de\/media-sports\/#website\"},\"primaryImageOfPage\":{\"@id\":\"http:\/\/d-teq.de\/media-sports\/sportstaetten-stadionplanung\/#primaryimage\"},\"image\":{\"@id\":\"http:\/\/d-teq.de\/media-sports\/sportstaetten-stadionplanung\/#primaryimage\"},\"thumbnailUrl\":\"http:\/\/d-teq.de\/media-sports\/wp-content\/uploads\/2016\/06\/Unternehmen-Header.jpg\",\"datePublished\":\"2016-07-28T16:25:06+00:00\",\"dateModified\":\"2017-12-03T18:16:06+00:00\",\"description\":\"Hier finden Sie alle Informationen zum Thema Sportst\u00e4tten & Stadionplanung. Besuchen Sie unsere Website und \u00fcberzeugen Sie sich von der Leistung D-TEQ's.\",\"breadcrumb\":{\"@id\":\"http:\/\/d-teq.de\/media-sports\/sportstaetten-stadionplanung\/#breadcrumb\"},\"inLanguage\":\"de\",\"potentialAction\":[{\"@type\":\"ReadAction\",\"target\":[\"http:\/\/d-teq.de\/media-sports\/sportstaetten-stadionplanung\/\"]}]},{\"@type\":\"ImageObject\",\"inLanguage\":\"de\",\"@id\":\"http:\/\/d-teq.de\/media-sports\/sportstaetten-stadionplanung\/#primaryimage\",\"url\":\"http:\/\/d-teq.de\/media-sports\/wp-content\/uploads\/2016\/06\/Unternehmen-Header.jpg\",\"contentUrl\":\"http:\/\/d-teq.de\/media-sports\/wp-content\/uploads\/2016\/06\/Unternehmen-Header.jpg\",\"width\":1200,\"height\":400},{\"@type\":\"BreadcrumbList\",\"@id\":\"http:\/\/d-teq.de\/media-sports\/sportstaetten-stadionplanung\/#breadcrumb\",\"itemListElement\":[{\"@type\":\"ListItem\",\"position\":1,\"name\":\"Startseite\",\"item\":\"http:\/\/d-teq.de\/media-sports\/\"},{\"@type\":\"ListItem\",\"position\":2,\"name\":\"Sportst\u00e4tten &#038; Stadionplanung\"}]},{\"@type\":\"WebSite\",\"@id\":\"http:\/\/d-teq.de\/media-sports\/#website\",\"url\":\"http:\/\/d-teq.de\/media-sports\/\",\"name\":\"D-TEQ\",\"description\":\"Media &amp; Sports\",\"potentialAction\":[{\"@type\":\"SearchAction\",\"target\":{\"@type\":\"EntryPoint\",\"urlTemplate\":\"http:\/\/d-teq.de\/media-sports\/?s={search_term_string}\"},\"query-input\":{\"@type\":\"PropertyValueSpecification\",\"valueRequired\":true,\"valueName\":\"search_term_string\"}}],\"inLanguage\":\"de\"}]}<\/script>\n<!-- \/ Yoast SEO plugin. -->","yoast_head_json":{"title":"Sportst\u00e4tten & Stadionplanung - D-TEQ","description":"Hier finden Sie alle Informationen zum Thema Sportst\u00e4tten & Stadionplanung. Besuchen Sie unsere Website und \u00fcberzeugen Sie sich von der Leistung D-TEQ's.","robots":{"index":"index","follow":"follow","max-snippet":"max-snippet:-1","max-image-preview":"max-image-preview:large","max-video-preview":"max-video-preview:-1"},"canonical":"http:\/\/d-teq.de\/media-sports\/sportstaetten-stadionplanung\/","og_locale":"de_DE","og_type":"article","og_title":"Sportst\u00e4tten & Stadionplanung - D-TEQ","og_description":"Hier finden Sie alle Informationen zum Thema Sportst\u00e4tten & Stadionplanung. Besuchen Sie unsere Website und \u00fcberzeugen Sie sich von der Leistung D-TEQ's.","og_url":"http:\/\/d-teq.de\/media-sports\/sportstaetten-stadionplanung\/","og_site_name":"D-TEQ","article_modified_time":"2017-12-03T18:16:06+00:00","og_image":[{"url":"http:\/\/d-teq.de\/media-sports\/wp-content\/uploads\/2016\/06\/Unternehmen-Header.jpg","type":"","width":"","height":""}],"twitter_card":"summary_large_image","schema":{"@context":"https:\/\/schema.org","@graph":[{"@type":"WebPage","@id":"http:\/\/d-teq.de\/media-sports\/sportstaetten-stadionplanung\/","url":"http:\/\/d-teq.de\/media-sports\/sportstaetten-stadionplanung\/","name":"Sportst\u00e4tten & Stadionplanung - D-TEQ","isPartOf":{"@id":"http:\/\/d-teq.de\/media-sports\/#website"},"primaryImageOfPage":{"@id":"http:\/\/d-teq.de\/media-sports\/sportstaetten-stadionplanung\/#primaryimage"},"image":{"@id":"http:\/\/d-teq.de\/media-sports\/sportstaetten-stadionplanung\/#primaryimage"},"thumbnailUrl":"http:\/\/d-teq.de\/media-sports\/wp-content\/uploads\/2016\/06\/Unternehmen-Header.jpg","datePublished":"2016-07-28T16:25:06+00:00","dateModified":"2017-12-03T18:16:06+00:00","description":"Hier finden Sie alle Informationen zum Thema Sportst\u00e4tten & Stadionplanung. Besuchen Sie unsere Website und \u00fcberzeugen Sie sich von der Leistung D-TEQ's.","breadcrumb":{"@id":"http:\/\/d-teq.de\/media-sports\/sportstaetten-stadionplanung\/#breadcrumb"},"inLanguage":"de","potentialAction":[{"@type":"ReadAction","target":["http:\/\/d-teq.de\/media-sports\/sportstaetten-stadionplanung\/"]}]},{"@type":"ImageObject","inLanguage":"de","@id":"http:\/\/d-teq.de\/media-sports\/sportstaetten-stadionplanung\/#primaryimage","url":"http:\/\/d-teq.de\/media-sports\/wp-content\/uploads\/2016\/06\/Unternehmen-Header.jpg","contentUrl":"http:\/\/d-teq.de\/media-sports\/wp-content\/uploads\/2016\/06\/Unternehmen-Header.jpg","width":1200,"height":400},{"@type":"BreadcrumbList","@id":"http:\/\/d-teq.de\/media-sports\/sportstaetten-stadionplanung\/#breadcrumb","itemListElement":[{"@type":"ListItem","position":1,"name":"Startseite","item":"http:\/\/d-teq.de\/media-sports\/"},{"@type":"ListItem","position":2,"name":"Sportst\u00e4tten &#038; Stadionplanung"}]},{"@type":"WebSite","@id":"http:\/\/d-teq.de\/media-sports\/#website","url":"http:\/\/d-teq.de\/media-sports\/","name":"D-TEQ","description":"Media &amp; Sports","potentialAction":[{"@type":"SearchAction","target":{"@type":"EntryPoint","urlTemplate":"http:\/\/d-teq.de\/media-sports\/?s={search_term_string}"},"query-input":{"@type":"PropertyValueSpecification","valueRequired":true,"valueName":"search_term_string"}}],"inLanguage":"de"}]}},"_links":{"self":[{"href":"http:\/\/d-teq.de\/media-sports\/wp-json\/wp\/v2\/pages\/12582","targetHints":{"allow":["GET"]}}],"collection":[{"href":"http:\/\/d-teq.de\/media-sports\/wp-json\/wp\/v2\/pages"}],"about":[{"href":"http:\/\/d-teq.de\/media-sports\/wp-json\/wp\/v2\/types\/page"}],"author":[{"embeddable":true,"href":"http:\/\/d-teq.de\/media-sports\/wp-json\/wp\/v2\/users\/3"}],"replies":[{"embeddable":true,"href":"http:\/\/d-teq.de\/media-sports\/wp-json\/wp\/v2\/comments?post=12582"}],"version-history":[{"count":3,"href":"http:\/\/d-teq.de\/media-sports\/wp-json\/wp\/v2\/pages\/12582\/revisions"}],"predecessor-version":[{"id":12686,"href":"http:\/\/d-teq.de\/media-sports\/wp-json\/wp\/v2\/pages\/12582\/revisions\/12686"}],"wp:attachment":[{"href":"http:\/\/d-teq.de\/media-sports\/wp-json\/wp\/v2\/media?parent=12582"}],"curies":[{"name":"wp","href":"https:\/\/api.w.org\/{rel}","templated":true}]}}