{"id":12094,"date":"2016-06-14T16:31:46","date_gmt":"2016-06-14T14:31:46","guid":{"rendered":"http:\/\/d-teq.de\/media-sports\/?post_type=product&#038;p=12094"},"modified":"2017-12-03T20:16:18","modified_gmt":"2017-12-03T18:16:18","slug":"allwetterschutzhauben-fuer-hochsprungmatten","status":"publish","type":"product","link":"http:\/\/d-teq.de\/media-sports\/product\/allwetterschutzhauben-fuer-hochsprungmatten\/","title":{"rendered":"Allwetterschutzhauben"},"content":{"rendered":"","protected":false},"excerpt":{"rendered":"<p><span style=\"font-family: arial, helvetica, sans-serif; font-size: 12pt;\"><img decoding=\"async\" class=\"alignnone wp-image-12620 size-full\" title=\"Allwetterschutzhauben f\u00fcr Hochsprungmatten\" src=\"http:\/\/d-teq.de\/media-sports\/wp-content\/uploads\/2016\/06\/hs_Schutzhaube.png\" alt=\"hs_schutzhaube\" width=\"400\" height=\"117\" srcset=\"http:\/\/d-teq.de\/media-sports\/wp-content\/uploads\/2016\/06\/hs_Schutzhaube-200x59.png 200w, http:\/\/d-teq.de\/media-sports\/wp-content\/uploads\/2016\/06\/hs_Schutzhaube-300x88.png 300w, http:\/\/d-teq.de\/media-sports\/wp-content\/uploads\/2016\/06\/hs_Schutzhaube.png 400w\" sizes=\"(max-width: 400px) 100vw, 400px\" \/><\/span><\/p>\n<p><span style=\"font-family: arial, helvetica, sans-serif; font-size: 12pt;\">Allwetterschutzhaube f\u00fcr Hochsprungmatten<\/span><\/p>\n<p><span style=\"font-family: arial, helvetica, sans-serif; font-size: 12pt;\">Passend formgeschwei\u00dft aus hochwertigem PVC &#8211; Trevira &#8211; Hochfest, beidseitig beschichtet, mit passgenauen Karabinerhaken &#8211; Befestigungen an entsprechenden Ringen der Sprungmatte.<\/span><\/p>\n<p><span style=\"font-family: arial, helvetica, sans-serif; font-size: 12pt;\">Allwetterschutzhauben bieten permanenten Schutz Ihrer Hochsprungmatte.<\/span><\/p>\n<p><span style=\"font-family: arial, helvetica, sans-serif; font-size: 12pt;\">Auch bei zus\u00e4tzlichen Schutz durch Aluminium &#8211; Abdeckung unverzichtbar. (Schwitzwasser \/ Kondenswasser)<\/span><\/p>\n<p>&nbsp;<\/p>\n<p><span style=\"font-family: arial, helvetica, sans-serif; font-size: 12pt;\"><img decoding=\"async\" class=\"alignnone wp-image-12621 size-full\" title=\"Allwetterschutzhauben f\u00fcr Hochsprungmatten\" src=\"http:\/\/d-teq.de\/media-sports\/wp-content\/uploads\/2016\/06\/hs_Schutzhaube2.png\" alt=\"hs_schutzhaube2\" width=\"400\" height=\"128\" srcset=\"http:\/\/d-teq.de\/media-sports\/wp-content\/uploads\/2016\/06\/hs_Schutzhaube2-200x64.png 200w, http:\/\/d-teq.de\/media-sports\/wp-content\/uploads\/2016\/06\/hs_Schutzhaube2-300x96.png 300w, http:\/\/d-teq.de\/media-sports\/wp-content\/uploads\/2016\/06\/hs_Schutzhaube2.png 400w\" sizes=\"(max-width: 400px) 100vw, 400px\" \/><\/span><\/p>\n<p><span style=\"font-family: arial, helvetica, sans-serif; font-size: 12pt;\">\u00a0<\/span><\/p>\n","protected":false},"featured_media":12300,"template":"","meta":[],"product_brand":[],"product_cat":[79],"product_tag":[],"class_list":{"0":"post-12094","1":"product","2":"type-product","3":"status-publish","4":"has-post-thumbnail","6":"product_cat-leichtathletik-hochsprung","8":"first","9":"instock","10":"shipping-taxable","11":"product-type-simple"},"yoast_head":"<!-- This site is optimized with the Yoast SEO plugin v26.7 - https:\/\/yoast.com\/wordpress\/plugins\/seo\/ -->\n<title>Allwetterschutzhauben f\u00fcr Hochsprungmatten - D-TEQ<\/title>\n<meta name=\"description\" content=\"Diese Allwetterschutzhauben f\u00fcr Hochsprungmatten sind qualitativ sehr hochw\u00e4rtig. Sie sind aus formgeschweisten PVC hergestellt.\" \/>\n<meta name=\"robots\" content=\"index, follow, max-snippet:-1, max-image-preview:large, max-video-preview:-1\" \/>\n<link rel=\"canonical\" href=\"http:\/\/d-teq.de\/media-sports\/product\/allwetterschutzhauben-fuer-hochsprungmatten\/\" \/>\n<meta property=\"og:locale\" content=\"de_DE\" \/>\n<meta property=\"og:type\" content=\"article\" \/>\n<meta property=\"og:title\" content=\"Allwetterschutzhauben f\u00fcr Hochsprungmatten - D-TEQ\" \/>\n<meta property=\"og:description\" content=\"Diese Allwetterschutzhauben f\u00fcr Hochsprungmatten sind qualitativ sehr hochw\u00e4rtig. Sie sind aus formgeschweisten PVC hergestellt.\" \/>\n<meta property=\"og:url\" content=\"http:\/\/d-teq.de\/media-sports\/product\/allwetterschutzhauben-fuer-hochsprungmatten\/\" \/>\n<meta property=\"og:site_name\" content=\"D-TEQ\" \/>\n<meta property=\"article:modified_time\" content=\"2017-12-03T18:16:18+00:00\" \/>\n<meta property=\"og:image\" content=\"http:\/\/d-teq.de\/media-sports\/wp-content\/uploads\/2016\/06\/hs_haube3.jpg\" \/>\n\t<meta property=\"og:image:width\" content=\"300\" \/>\n\t<meta property=\"og:image:height\" content=\"300\" \/>\n\t<meta property=\"og:image:type\" content=\"image\/jpeg\" \/>\n<meta name=\"twitter:card\" content=\"summary_large_image\" \/>\n<script type=\"application\/ld+json\" class=\"yoast-schema-graph\">{\"@context\":\"https:\/\/schema.org\",\"@graph\":[{\"@type\":\"WebPage\",\"@id\":\"http:\/\/d-teq.de\/media-sports\/product\/allwetterschutzhauben-fuer-hochsprungmatten\/\",\"url\":\"http:\/\/d-teq.de\/media-sports\/product\/allwetterschutzhauben-fuer-hochsprungmatten\/\",\"name\":\"Allwetterschutzhauben f\u00fcr Hochsprungmatten - D-TEQ\",\"isPartOf\":{\"@id\":\"http:\/\/d-teq.de\/media-sports\/#website\"},\"primaryImageOfPage\":{\"@id\":\"http:\/\/d-teq.de\/media-sports\/product\/allwetterschutzhauben-fuer-hochsprungmatten\/#primaryimage\"},\"image\":{\"@id\":\"http:\/\/d-teq.de\/media-sports\/product\/allwetterschutzhauben-fuer-hochsprungmatten\/#primaryimage\"},\"thumbnailUrl\":\"http:\/\/d-teq.de\/media-sports\/wp-content\/uploads\/2016\/06\/hs_haube3.jpg\",\"datePublished\":\"2016-06-14T14:31:46+00:00\",\"dateModified\":\"2017-12-03T18:16:18+00:00\",\"description\":\"Diese Allwetterschutzhauben f\u00fcr Hochsprungmatten sind qualitativ sehr hochw\u00e4rtig. Sie sind aus formgeschweisten PVC hergestellt.\",\"breadcrumb\":{\"@id\":\"http:\/\/d-teq.de\/media-sports\/product\/allwetterschutzhauben-fuer-hochsprungmatten\/#breadcrumb\"},\"inLanguage\":\"de\",\"potentialAction\":[{\"@type\":\"ReadAction\",\"target\":[\"http:\/\/d-teq.de\/media-sports\/product\/allwetterschutzhauben-fuer-hochsprungmatten\/\"]}]},{\"@type\":\"ImageObject\",\"inLanguage\":\"de\",\"@id\":\"http:\/\/d-teq.de\/media-sports\/product\/allwetterschutzhauben-fuer-hochsprungmatten\/#primaryimage\",\"url\":\"http:\/\/d-teq.de\/media-sports\/wp-content\/uploads\/2016\/06\/hs_haube3.jpg\",\"contentUrl\":\"http:\/\/d-teq.de\/media-sports\/wp-content\/uploads\/2016\/06\/hs_haube3.jpg\",\"width\":300,\"height\":300,\"caption\":\"Allwetterschutzhauben f\u00fcr Hochsprungmatten\"},{\"@type\":\"BreadcrumbList\",\"@id\":\"http:\/\/d-teq.de\/media-sports\/product\/allwetterschutzhauben-fuer-hochsprungmatten\/#breadcrumb\",\"itemListElement\":[{\"@type\":\"ListItem\",\"position\":1,\"name\":\"Startseite\",\"item\":\"http:\/\/d-teq.de\/media-sports\/\"},{\"@type\":\"ListItem\",\"position\":2,\"name\":\"Shop\",\"item\":\"http:\/\/d-teq.de\/media-sports\/shop\/\"},{\"@type\":\"ListItem\",\"position\":3,\"name\":\"Allwetterschutzhauben\"}]},{\"@type\":\"WebSite\",\"@id\":\"http:\/\/d-teq.de\/media-sports\/#website\",\"url\":\"http:\/\/d-teq.de\/media-sports\/\",\"name\":\"D-TEQ\",\"description\":\"Media &amp; Sports\",\"potentialAction\":[{\"@type\":\"SearchAction\",\"target\":{\"@type\":\"EntryPoint\",\"urlTemplate\":\"http:\/\/d-teq.de\/media-sports\/?s={search_term_string}\"},\"query-input\":{\"@type\":\"PropertyValueSpecification\",\"valueRequired\":true,\"valueName\":\"search_term_string\"}}],\"inLanguage\":\"de\"}]}<\/script>\n<!-- \/ Yoast SEO plugin. -->","yoast_head_json":{"title":"Allwetterschutzhauben f\u00fcr Hochsprungmatten - D-TEQ","description":"Diese Allwetterschutzhauben f\u00fcr Hochsprungmatten sind qualitativ sehr hochw\u00e4rtig. Sie sind aus formgeschweisten PVC hergestellt.","robots":{"index":"index","follow":"follow","max-snippet":"max-snippet:-1","max-image-preview":"max-image-preview:large","max-video-preview":"max-video-preview:-1"},"canonical":"http:\/\/d-teq.de\/media-sports\/product\/allwetterschutzhauben-fuer-hochsprungmatten\/","og_locale":"de_DE","og_type":"article","og_title":"Allwetterschutzhauben f\u00fcr Hochsprungmatten - D-TEQ","og_description":"Diese Allwetterschutzhauben f\u00fcr Hochsprungmatten sind qualitativ sehr hochw\u00e4rtig. Sie sind aus formgeschweisten PVC hergestellt.","og_url":"http:\/\/d-teq.de\/media-sports\/product\/allwetterschutzhauben-fuer-hochsprungmatten\/","og_site_name":"D-TEQ","article_modified_time":"2017-12-03T18:16:18+00:00","og_image":[{"width":300,"height":300,"url":"http:\/\/d-teq.de\/media-sports\/wp-content\/uploads\/2016\/06\/hs_haube3.jpg","type":"image\/jpeg"}],"twitter_card":"summary_large_image","schema":{"@context":"https:\/\/schema.org","@graph":[{"@type":"WebPage","@id":"http:\/\/d-teq.de\/media-sports\/product\/allwetterschutzhauben-fuer-hochsprungmatten\/","url":"http:\/\/d-teq.de\/media-sports\/product\/allwetterschutzhauben-fuer-hochsprungmatten\/","name":"Allwetterschutzhauben f\u00fcr Hochsprungmatten - D-TEQ","isPartOf":{"@id":"http:\/\/d-teq.de\/media-sports\/#website"},"primaryImageOfPage":{"@id":"http:\/\/d-teq.de\/media-sports\/product\/allwetterschutzhauben-fuer-hochsprungmatten\/#primaryimage"},"image":{"@id":"http:\/\/d-teq.de\/media-sports\/product\/allwetterschutzhauben-fuer-hochsprungmatten\/#primaryimage"},"thumbnailUrl":"http:\/\/d-teq.de\/media-sports\/wp-content\/uploads\/2016\/06\/hs_haube3.jpg","datePublished":"2016-06-14T14:31:46+00:00","dateModified":"2017-12-03T18:16:18+00:00","description":"Diese Allwetterschutzhauben f\u00fcr Hochsprungmatten sind qualitativ sehr hochw\u00e4rtig. Sie sind aus formgeschweisten PVC hergestellt.","breadcrumb":{"@id":"http:\/\/d-teq.de\/media-sports\/product\/allwetterschutzhauben-fuer-hochsprungmatten\/#breadcrumb"},"inLanguage":"de","potentialAction":[{"@type":"ReadAction","target":["http:\/\/d-teq.de\/media-sports\/product\/allwetterschutzhauben-fuer-hochsprungmatten\/"]}]},{"@type":"ImageObject","inLanguage":"de","@id":"http:\/\/d-teq.de\/media-sports\/product\/allwetterschutzhauben-fuer-hochsprungmatten\/#primaryimage","url":"http:\/\/d-teq.de\/media-sports\/wp-content\/uploads\/2016\/06\/hs_haube3.jpg","contentUrl":"http:\/\/d-teq.de\/media-sports\/wp-content\/uploads\/2016\/06\/hs_haube3.jpg","width":300,"height":300,"caption":"Allwetterschutzhauben f\u00fcr Hochsprungmatten"},{"@type":"BreadcrumbList","@id":"http:\/\/d-teq.de\/media-sports\/product\/allwetterschutzhauben-fuer-hochsprungmatten\/#breadcrumb","itemListElement":[{"@type":"ListItem","position":1,"name":"Startseite","item":"http:\/\/d-teq.de\/media-sports\/"},{"@type":"ListItem","position":2,"name":"Shop","item":"http:\/\/d-teq.de\/media-sports\/shop\/"},{"@type":"ListItem","position":3,"name":"Allwetterschutzhauben"}]},{"@type":"WebSite","@id":"http:\/\/d-teq.de\/media-sports\/#website","url":"http:\/\/d-teq.de\/media-sports\/","name":"D-TEQ","description":"Media &amp; Sports","potentialAction":[{"@type":"SearchAction","target":{"@type":"EntryPoint","urlTemplate":"http:\/\/d-teq.de\/media-sports\/?s={search_term_string}"},"query-input":{"@type":"PropertyValueSpecification","valueRequired":true,"valueName":"search_term_string"}}],"inLanguage":"de"}]}},"_links":{"self":[{"href":"http:\/\/d-teq.de\/media-sports\/wp-json\/wp\/v2\/product\/12094","targetHints":{"allow":["GET"]}}],"collection":[{"href":"http:\/\/d-teq.de\/media-sports\/wp-json\/wp\/v2\/product"}],"about":[{"href":"http:\/\/d-teq.de\/media-sports\/wp-json\/wp\/v2\/types\/product"}],"wp:featuredmedia":[{"embeddable":true,"href":"http:\/\/d-teq.de\/media-sports\/wp-json\/wp\/v2\/media\/12300"}],"wp:attachment":[{"href":"http:\/\/d-teq.de\/media-sports\/wp-json\/wp\/v2\/media?parent=12094"}],"wp:term":[{"taxonomy":"product_brand","embeddable":true,"href":"http:\/\/d-teq.de\/media-sports\/wp-json\/wp\/v2\/product_brand?post=12094"},{"taxonomy":"product_cat","embeddable":true,"href":"http:\/\/d-teq.de\/media-sports\/wp-json\/wp\/v2\/product_cat?post=12094"},{"taxonomy":"product_tag","embeddable":true,"href":"http:\/\/d-teq.de\/media-sports\/wp-json\/wp\/v2\/product_tag?post=12094"}],"curies":[{"name":"wp","href":"https:\/\/api.w.org\/{rel}","templated":true}]}}