{"id":12095,"date":"2016-06-14T16:41:07","date_gmt":"2016-06-14T14:41:07","guid":{"rendered":"http:\/\/d-teq.de\/media-sports\/?post_type=product&#038;p=12095"},"modified":"2017-12-03T20:16:17","modified_gmt":"2017-12-03T18:16:17","slug":"sicherheitsabdeckungen-fuer-hochsprungmatten","status":"publish","type":"product","link":"http:\/\/d-teq.de\/media-sports\/product\/sicherheitsabdeckungen-fuer-hochsprungmatten\/","title":{"rendered":"Sicherheitsabdeckungen f\u00fcr Hochsprungmatten"},"content":{"rendered":"","protected":false},"excerpt":{"rendered":"<p><span style=\"font-size: 12pt; font-family: arial, helvetica, sans-serif;\"><strong>Sicherheitsabdeckungen f\u00fcr Hochsprungmatten<\/strong> <\/span><\/p>\n<table class=\"produkte\" style=\"height: 340px;\" width=\"1000\">\n<tbody>\n<tr>\n<td class=\"produkte_l\"><span style=\"font-family: arial, helvetica, sans-serif; font-size: 12pt;\"><img decoding=\"async\" class=\"aligncenter wp-image-12624 size-full\" title=\"Aluminium Sicherheitsabdeckungen f\u00fcr Hochsprungmatten\" src=\"http:\/\/d-teq.de\/media-sports\/wp-content\/uploads\/2016\/06\/hs_Schutzabdeckung1.jpg\" alt=\"hs_schutzabdeckung1\" width=\"400\" height=\"203\" srcset=\"http:\/\/d-teq.de\/media-sports\/wp-content\/uploads\/2016\/06\/hs_Schutzabdeckung1-200x102.jpg 200w, http:\/\/d-teq.de\/media-sports\/wp-content\/uploads\/2016\/06\/hs_Schutzabdeckung1-300x152.jpg 300w, http:\/\/d-teq.de\/media-sports\/wp-content\/uploads\/2016\/06\/hs_Schutzabdeckung1.jpg 400w\" sizes=\"(max-width: 400px) 100vw, 400px\" \/><\/span><\/td>\n<td class=\"produkte_r\" style=\"width: 600px; padding-left: 30px;\"><span style=\"font-family: arial, helvetica, sans-serif; font-size: 12pt;\">Alu &#8211; Sicherheitsabdeckung <\/span><br \/>\n<span style=\"font-family: arial, helvetica, sans-serif; font-size: 12pt;\"> f\u00fcr Hochsprungmatten. Zweigeteilte Ausf\u00fchrung ohne zus\u00e4tzlich, einschwenkbare Klappe. Fahrbar in beide Richtungen!<\/span><\/td>\n<\/tr>\n<tr>\n<td class=\"produkte_l\"><span style=\"font-family: arial, helvetica, sans-serif; font-size: 12pt;\"><img decoding=\"async\" class=\"aligncenter wp-image-12625 size-full\" title=\"Aluminium Sicherheitsabdeckungen f\u00fcr Hochsprungmatten\" src=\"http:\/\/d-teq.de\/media-sports\/wp-content\/uploads\/2016\/06\/hs_Schutzabdeckung2.jpg\" alt=\"hs_schutzabdeckung2\" width=\"400\" height=\"262\" srcset=\"http:\/\/d-teq.de\/media-sports\/wp-content\/uploads\/2016\/06\/hs_Schutzabdeckung2-200x131.jpg 200w, http:\/\/d-teq.de\/media-sports\/wp-content\/uploads\/2016\/06\/hs_Schutzabdeckung2-300x197.jpg 300w, http:\/\/d-teq.de\/media-sports\/wp-content\/uploads\/2016\/06\/hs_Schutzabdeckung2.jpg 400w\" sizes=\"(max-width: 400px) 100vw, 400px\" \/><\/span><\/td>\n<td class=\"produkte_r\" style=\"width: 600px; padding-left: 30px;\"><span style=\"font-family: arial, helvetica, sans-serif; font-size: 12pt;\">Aluminium &#8211; Sicherheitsabdeckung als station\u00e4re Ausf\u00fchrung mit einschwenkbarer Klappe an der Langseite.<\/span><\/td>\n<\/tr>\n<tr>\n<td class=\"produkte_l\"><span style=\"font-family: arial, helvetica, sans-serif; font-size: 12pt;\"><img decoding=\"async\" class=\"aligncenter wp-image-12626 size-full\" title=\"Aluminium Sicherheitsabdeckungen f\u00fcr Hochsprungmatten\" src=\"http:\/\/d-teq.de\/media-sports\/wp-content\/uploads\/2016\/06\/hs_Schutzabdeckung3.jpg\" alt=\"hs_schutzabdeckung3\" width=\"400\" height=\"201\" srcset=\"http:\/\/d-teq.de\/media-sports\/wp-content\/uploads\/2016\/06\/hs_Schutzabdeckung3-200x101.jpg 200w, http:\/\/d-teq.de\/media-sports\/wp-content\/uploads\/2016\/06\/hs_Schutzabdeckung3-300x151.jpg 300w, http:\/\/d-teq.de\/media-sports\/wp-content\/uploads\/2016\/06\/hs_Schutzabdeckung3.jpg 400w\" sizes=\"(max-width: 400px) 100vw, 400px\" \/><\/span><\/td>\n<td class=\"produkte_r\" style=\"width: 600px; padding-left: 30px;\"><span style=\"font-family: arial, helvetica, sans-serif; font-size: 12pt;\">Sicherheitsabdeckung aus Aluminium f\u00fcr Hochsprungmatten. Zweigeteilte Ausf\u00fchrung mit zus\u00e4tzlicher, einschwenkbarer Klappe. Fahrbar je H\u00e4lfte nach beiden Seiten und durch die Klappe auch komplett in eine Richtung. <\/span><\/td>\n<\/tr>\n<\/tbody>\n<\/table>\n<p>&nbsp;<\/p>\n<p><strong><span style=\"font-size: 12pt; font-family: arial,helvetica,sans-serif;\">Sicherheitsabdeckungen zur Selbstmontage <\/span><\/strong><br \/>\n<span style=\"font-family: arial, helvetica, sans-serif; font-size: 12pt;\"> Kosteng\u00fcnstige Alternative <\/span><\/p>\n<p><span style=\"font-family: arial, helvetica, sans-serif; font-size: 12pt;\"><img decoding=\"async\" class=\"alignnone wp-image-12627 size-full\" title=\"Aluminium Sicherheitsabdeckungen f\u00fcr Hochsprungmatten\" src=\"http:\/\/d-teq.de\/media-sports\/wp-content\/uploads\/2016\/06\/hs_Schutzabdeckung4.jpg\" alt=\"hs_schutzabdeckung4\" width=\"400\" height=\"267\" srcset=\"http:\/\/d-teq.de\/media-sports\/wp-content\/uploads\/2016\/06\/hs_Schutzabdeckung4-200x134.jpg 200w, http:\/\/d-teq.de\/media-sports\/wp-content\/uploads\/2016\/06\/hs_Schutzabdeckung4-300x200.jpg 300w, http:\/\/d-teq.de\/media-sports\/wp-content\/uploads\/2016\/06\/hs_Schutzabdeckung4.jpg 400w\" sizes=\"(max-width: 400px) 100vw, 400px\" \/><br \/>\n<\/span><\/p>\n<p><span style=\"font-family: arial, helvetica, sans-serif; font-size: 12pt;\">\u00a0<\/span><\/p>\n","protected":false},"featured_media":12298,"template":"","meta":[],"product_brand":[],"product_cat":[79],"product_tag":[],"class_list":{"0":"post-12095","1":"product","2":"type-product","3":"status-publish","4":"has-post-thumbnail","6":"product_cat-leichtathletik-hochsprung","8":"first","9":"instock","10":"shipping-taxable","11":"product-type-simple"},"yoast_head":"<!-- This site is optimized with the Yoast SEO plugin v26.7 - https:\/\/yoast.com\/wordpress\/plugins\/seo\/ -->\n<title>Sicherheitsabdeckungen f\u00fcr Hochsprungmatten - D-TEQ<\/title>\n<meta name=\"description\" content=\"Diese Sicherheitsabdeckungen f\u00fcr Hochsprungmatten sind sehr robuste Abdeckungen. Sie sind aus Aluminium und sehr hochwertig.\" \/>\n<meta name=\"robots\" content=\"index, follow, max-snippet:-1, max-image-preview:large, max-video-preview:-1\" \/>\n<link rel=\"canonical\" href=\"http:\/\/d-teq.de\/media-sports\/product\/sicherheitsabdeckungen-fuer-hochsprungmatten\/\" \/>\n<meta property=\"og:locale\" content=\"de_DE\" \/>\n<meta property=\"og:type\" content=\"article\" \/>\n<meta property=\"og:title\" content=\"Sicherheitsabdeckungen f\u00fcr Hochsprungmatten - D-TEQ\" \/>\n<meta property=\"og:description\" content=\"Diese Sicherheitsabdeckungen f\u00fcr Hochsprungmatten sind sehr robuste Abdeckungen. Sie sind aus Aluminium und sehr hochwertig.\" \/>\n<meta property=\"og:url\" content=\"http:\/\/d-teq.de\/media-sports\/product\/sicherheitsabdeckungen-fuer-hochsprungmatten\/\" \/>\n<meta property=\"og:site_name\" content=\"D-TEQ\" \/>\n<meta property=\"article:modified_time\" content=\"2017-12-03T18:16:17+00:00\" \/>\n<meta property=\"og:image\" content=\"http:\/\/d-teq.de\/media-sports\/wp-content\/uploads\/2016\/06\/hs_abd3.jpg\" \/>\n\t<meta property=\"og:image:width\" content=\"300\" \/>\n\t<meta property=\"og:image:height\" content=\"300\" \/>\n\t<meta property=\"og:image:type\" content=\"image\/jpeg\" \/>\n<meta name=\"twitter:card\" content=\"summary_large_image\" \/>\n<script type=\"application\/ld+json\" class=\"yoast-schema-graph\">{\"@context\":\"https:\/\/schema.org\",\"@graph\":[{\"@type\":\"WebPage\",\"@id\":\"http:\/\/d-teq.de\/media-sports\/product\/sicherheitsabdeckungen-fuer-hochsprungmatten\/\",\"url\":\"http:\/\/d-teq.de\/media-sports\/product\/sicherheitsabdeckungen-fuer-hochsprungmatten\/\",\"name\":\"Sicherheitsabdeckungen f\u00fcr Hochsprungmatten - D-TEQ\",\"isPartOf\":{\"@id\":\"http:\/\/d-teq.de\/media-sports\/#website\"},\"primaryImageOfPage\":{\"@id\":\"http:\/\/d-teq.de\/media-sports\/product\/sicherheitsabdeckungen-fuer-hochsprungmatten\/#primaryimage\"},\"image\":{\"@id\":\"http:\/\/d-teq.de\/media-sports\/product\/sicherheitsabdeckungen-fuer-hochsprungmatten\/#primaryimage\"},\"thumbnailUrl\":\"http:\/\/d-teq.de\/media-sports\/wp-content\/uploads\/2016\/06\/hs_abd3.jpg\",\"datePublished\":\"2016-06-14T14:41:07+00:00\",\"dateModified\":\"2017-12-03T18:16:17+00:00\",\"description\":\"Diese Sicherheitsabdeckungen f\u00fcr Hochsprungmatten sind sehr robuste Abdeckungen. Sie sind aus Aluminium und sehr hochwertig.\",\"breadcrumb\":{\"@id\":\"http:\/\/d-teq.de\/media-sports\/product\/sicherheitsabdeckungen-fuer-hochsprungmatten\/#breadcrumb\"},\"inLanguage\":\"de\",\"potentialAction\":[{\"@type\":\"ReadAction\",\"target\":[\"http:\/\/d-teq.de\/media-sports\/product\/sicherheitsabdeckungen-fuer-hochsprungmatten\/\"]}]},{\"@type\":\"ImageObject\",\"inLanguage\":\"de\",\"@id\":\"http:\/\/d-teq.de\/media-sports\/product\/sicherheitsabdeckungen-fuer-hochsprungmatten\/#primaryimage\",\"url\":\"http:\/\/d-teq.de\/media-sports\/wp-content\/uploads\/2016\/06\/hs_abd3.jpg\",\"contentUrl\":\"http:\/\/d-teq.de\/media-sports\/wp-content\/uploads\/2016\/06\/hs_abd3.jpg\",\"width\":300,\"height\":300,\"caption\":\"Aluminium Sicherheitsabdeckungen f\u00fcr Hochsprungmatten\"},{\"@type\":\"BreadcrumbList\",\"@id\":\"http:\/\/d-teq.de\/media-sports\/product\/sicherheitsabdeckungen-fuer-hochsprungmatten\/#breadcrumb\",\"itemListElement\":[{\"@type\":\"ListItem\",\"position\":1,\"name\":\"Startseite\",\"item\":\"http:\/\/d-teq.de\/media-sports\/\"},{\"@type\":\"ListItem\",\"position\":2,\"name\":\"Shop\",\"item\":\"http:\/\/d-teq.de\/media-sports\/shop\/\"},{\"@type\":\"ListItem\",\"position\":3,\"name\":\"Sicherheitsabdeckungen f\u00fcr Hochsprungmatten\"}]},{\"@type\":\"WebSite\",\"@id\":\"http:\/\/d-teq.de\/media-sports\/#website\",\"url\":\"http:\/\/d-teq.de\/media-sports\/\",\"name\":\"D-TEQ\",\"description\":\"Media &amp; Sports\",\"potentialAction\":[{\"@type\":\"SearchAction\",\"target\":{\"@type\":\"EntryPoint\",\"urlTemplate\":\"http:\/\/d-teq.de\/media-sports\/?s={search_term_string}\"},\"query-input\":{\"@type\":\"PropertyValueSpecification\",\"valueRequired\":true,\"valueName\":\"search_term_string\"}}],\"inLanguage\":\"de\"}]}<\/script>\n<!-- \/ Yoast SEO plugin. -->","yoast_head_json":{"title":"Sicherheitsabdeckungen f\u00fcr Hochsprungmatten - D-TEQ","description":"Diese Sicherheitsabdeckungen f\u00fcr Hochsprungmatten sind sehr robuste Abdeckungen. Sie sind aus Aluminium und sehr hochwertig.","robots":{"index":"index","follow":"follow","max-snippet":"max-snippet:-1","max-image-preview":"max-image-preview:large","max-video-preview":"max-video-preview:-1"},"canonical":"http:\/\/d-teq.de\/media-sports\/product\/sicherheitsabdeckungen-fuer-hochsprungmatten\/","og_locale":"de_DE","og_type":"article","og_title":"Sicherheitsabdeckungen f\u00fcr Hochsprungmatten - D-TEQ","og_description":"Diese Sicherheitsabdeckungen f\u00fcr Hochsprungmatten sind sehr robuste Abdeckungen. Sie sind aus Aluminium und sehr hochwertig.","og_url":"http:\/\/d-teq.de\/media-sports\/product\/sicherheitsabdeckungen-fuer-hochsprungmatten\/","og_site_name":"D-TEQ","article_modified_time":"2017-12-03T18:16:17+00:00","og_image":[{"width":300,"height":300,"url":"http:\/\/d-teq.de\/media-sports\/wp-content\/uploads\/2016\/06\/hs_abd3.jpg","type":"image\/jpeg"}],"twitter_card":"summary_large_image","schema":{"@context":"https:\/\/schema.org","@graph":[{"@type":"WebPage","@id":"http:\/\/d-teq.de\/media-sports\/product\/sicherheitsabdeckungen-fuer-hochsprungmatten\/","url":"http:\/\/d-teq.de\/media-sports\/product\/sicherheitsabdeckungen-fuer-hochsprungmatten\/","name":"Sicherheitsabdeckungen f\u00fcr Hochsprungmatten - D-TEQ","isPartOf":{"@id":"http:\/\/d-teq.de\/media-sports\/#website"},"primaryImageOfPage":{"@id":"http:\/\/d-teq.de\/media-sports\/product\/sicherheitsabdeckungen-fuer-hochsprungmatten\/#primaryimage"},"image":{"@id":"http:\/\/d-teq.de\/media-sports\/product\/sicherheitsabdeckungen-fuer-hochsprungmatten\/#primaryimage"},"thumbnailUrl":"http:\/\/d-teq.de\/media-sports\/wp-content\/uploads\/2016\/06\/hs_abd3.jpg","datePublished":"2016-06-14T14:41:07+00:00","dateModified":"2017-12-03T18:16:17+00:00","description":"Diese Sicherheitsabdeckungen f\u00fcr Hochsprungmatten sind sehr robuste Abdeckungen. Sie sind aus Aluminium und sehr hochwertig.","breadcrumb":{"@id":"http:\/\/d-teq.de\/media-sports\/product\/sicherheitsabdeckungen-fuer-hochsprungmatten\/#breadcrumb"},"inLanguage":"de","potentialAction":[{"@type":"ReadAction","target":["http:\/\/d-teq.de\/media-sports\/product\/sicherheitsabdeckungen-fuer-hochsprungmatten\/"]}]},{"@type":"ImageObject","inLanguage":"de","@id":"http:\/\/d-teq.de\/media-sports\/product\/sicherheitsabdeckungen-fuer-hochsprungmatten\/#primaryimage","url":"http:\/\/d-teq.de\/media-sports\/wp-content\/uploads\/2016\/06\/hs_abd3.jpg","contentUrl":"http:\/\/d-teq.de\/media-sports\/wp-content\/uploads\/2016\/06\/hs_abd3.jpg","width":300,"height":300,"caption":"Aluminium Sicherheitsabdeckungen f\u00fcr Hochsprungmatten"},{"@type":"BreadcrumbList","@id":"http:\/\/d-teq.de\/media-sports\/product\/sicherheitsabdeckungen-fuer-hochsprungmatten\/#breadcrumb","itemListElement":[{"@type":"ListItem","position":1,"name":"Startseite","item":"http:\/\/d-teq.de\/media-sports\/"},{"@type":"ListItem","position":2,"name":"Shop","item":"http:\/\/d-teq.de\/media-sports\/shop\/"},{"@type":"ListItem","position":3,"name":"Sicherheitsabdeckungen f\u00fcr Hochsprungmatten"}]},{"@type":"WebSite","@id":"http:\/\/d-teq.de\/media-sports\/#website","url":"http:\/\/d-teq.de\/media-sports\/","name":"D-TEQ","description":"Media &amp; Sports","potentialAction":[{"@type":"SearchAction","target":{"@type":"EntryPoint","urlTemplate":"http:\/\/d-teq.de\/media-sports\/?s={search_term_string}"},"query-input":{"@type":"PropertyValueSpecification","valueRequired":true,"valueName":"search_term_string"}}],"inLanguage":"de"}]}},"_links":{"self":[{"href":"http:\/\/d-teq.de\/media-sports\/wp-json\/wp\/v2\/product\/12095","targetHints":{"allow":["GET"]}}],"collection":[{"href":"http:\/\/d-teq.de\/media-sports\/wp-json\/wp\/v2\/product"}],"about":[{"href":"http:\/\/d-teq.de\/media-sports\/wp-json\/wp\/v2\/types\/product"}],"wp:featuredmedia":[{"embeddable":true,"href":"http:\/\/d-teq.de\/media-sports\/wp-json\/wp\/v2\/media\/12298"}],"wp:attachment":[{"href":"http:\/\/d-teq.de\/media-sports\/wp-json\/wp\/v2\/media?parent=12095"}],"wp:term":[{"taxonomy":"product_brand","embeddable":true,"href":"http:\/\/d-teq.de\/media-sports\/wp-json\/wp\/v2\/product_brand?post=12095"},{"taxonomy":"product_cat","embeddable":true,"href":"http:\/\/d-teq.de\/media-sports\/wp-json\/wp\/v2\/product_cat?post=12095"},{"taxonomy":"product_tag","embeddable":true,"href":"http:\/\/d-teq.de\/media-sports\/wp-json\/wp\/v2\/product_tag?post=12095"}],"curies":[{"name":"wp","href":"https:\/\/api.w.org\/{rel}","templated":true}]}}