{"id":12096,"date":"2016-06-14T16:38:08","date_gmt":"2016-06-14T14:38:08","guid":{"rendered":"http:\/\/d-teq.de\/media-sports\/?post_type=product&#038;p=12096"},"modified":"2017-12-03T20:16:17","modified_gmt":"2017-12-03T18:16:17","slug":"bodenroste-fuer-hochsprungmatten","status":"publish","type":"product","link":"http:\/\/d-teq.de\/media-sports\/product\/bodenroste-fuer-hochsprungmatten\/","title":{"rendered":"Bodenroste"},"content":{"rendered":"","protected":false},"excerpt":{"rendered":"<p><span style=\"font-family: arial, helvetica, sans-serif; font-size: 12pt;\"><strong>Bodenroste f\u00fcr Stabhochsprungmatten<\/strong><\/span><\/p>\n<table style=\"width: 800px;\">\n<tbody>\n<tr>\n<td><span style=\"font-size: 12pt; font-family: arial, helvetica, sans-serif;\"><a href=\"http:\/\/d-teq.de\/media-sports\/wp-content\/uploads\/2016\/06\/hs_rost_holz_ohne.jpg\"><img decoding=\"async\" class=\"aligncenter wp-image-12097 size-medium\" title=\"Bodenroste f\u00fcr Hochsprungmatten\" src=\"http:\/\/d-teq.de\/media-sports\/wp-content\/uploads\/2016\/06\/hs_rost_holz_ohne-300x80.jpg\" alt=\"hs_rost_holz_ohne\" width=\"300\" height=\"80\" srcset=\"http:\/\/d-teq.de\/media-sports\/wp-content\/uploads\/2016\/06\/hs_rost_holz_ohne-200x53.jpg 200w, http:\/\/d-teq.de\/media-sports\/wp-content\/uploads\/2016\/06\/hs_rost_holz_ohne-300x80.jpg 300w, http:\/\/d-teq.de\/media-sports\/wp-content\/uploads\/2016\/06\/hs_rost_holz_ohne.jpg 382w\" sizes=\"(max-width: 300px) 100vw, 300px\" \/><\/a><\/span><\/td>\n<td style=\"width: 400px;\"><span style=\"font-family: arial, helvetica, sans-serif; font-size: 12pt;\">Bodenrost in Ausf\u00fchrung Aluminium \/ Holz<\/span><\/td>\n<\/tr>\n<tr>\n<td><span style=\"font-family: arial, helvetica, sans-serif; font-size: 12pt;\"><a href=\"http:\/\/d-teq.de\/media-sports\/wp-content\/uploads\/2016\/05\/sth_rost_holz_mit_alu.jpg\"><img decoding=\"async\" class=\"aligncenter wp-image-11995\" title=\"Bodenroste f\u00fcr Hochsprungmatten\" src=\"http:\/\/d-teq.de\/media-sports\/wp-content\/uploads\/2016\/05\/sth_rost_holz_mit_alu-300x90.jpg\" alt=\"sth_rost_holz_mit_alu\" width=\"300\" height=\"90\" srcset=\"http:\/\/d-teq.de\/media-sports\/wp-content\/uploads\/2016\/05\/sth_rost_holz_mit_alu-200x60.jpg 200w, http:\/\/d-teq.de\/media-sports\/wp-content\/uploads\/2016\/05\/sth_rost_holz_mit_alu-300x90.jpg 300w, http:\/\/d-teq.de\/media-sports\/wp-content\/uploads\/2016\/05\/sth_rost_holz_mit_alu.jpg 376w\" sizes=\"(max-width: 300px) 100vw, 300px\" \/><\/a><\/span><\/td>\n<td style=\"width: 400px;\"><span style=\"font-size: 12pt; font-family: arial, helvetica, sans-serif;\">Bodenrost in\u00a0Ausf\u00fchrung, impr\u00e4gnierte Holzlatten auf Aluminiumbohlen. Mit St\u00fctzb\u00fcgeln und Steckverbinder<\/span><\/td>\n<\/tr>\n<tr>\n<td><span style=\"font-family: arial, helvetica, sans-serif; font-size: 12pt;\"><a href=\"http:\/\/d-teq.de\/media-sports\/wp-content\/uploads\/2016\/05\/sth_holzrost.jpg\"><img decoding=\"async\" class=\"aligncenter wp-image-11994\" title=\"Bodenroste f\u00fcr Hochsprungmatten\" src=\"http:\/\/d-teq.de\/media-sports\/wp-content\/uploads\/2016\/05\/sth_holzrost-300x84.jpg\" alt=\"sth_holzrost\" width=\"300\" height=\"84\" srcset=\"http:\/\/d-teq.de\/media-sports\/wp-content\/uploads\/2016\/05\/sth_holzrost-200x56.jpg 200w, http:\/\/d-teq.de\/media-sports\/wp-content\/uploads\/2016\/05\/sth_holzrost-300x84.jpg 300w, http:\/\/d-teq.de\/media-sports\/wp-content\/uploads\/2016\/05\/sth_holzrost.jpg 340w\" sizes=\"(max-width: 300px) 100vw, 300px\" \/><\/a><\/span><\/td>\n<td style=\"width: 400px;\"><span style=\"font-family: arial, helvetica, sans-serif; font-size: 12pt;\">Bodenrost Holz. Impr\u00e4gnierte Latten und Bohlen,St\u00fctzb\u00fcgel und Steckverbinder.<\/span><\/td>\n<\/tr>\n<tr>\n<td><span style=\"font-family: arial, helvetica, sans-serif; font-size: 12pt;\"><a href=\"http:\/\/d-teq.de\/media-sports\/wp-content\/uploads\/2016\/05\/sth_alurost_1.jpg\"><img decoding=\"async\" class=\"aligncenter wp-image-11991\" title=\"Bodenroste f\u00fcr Hochsprungmatten\" src=\"http:\/\/d-teq.de\/media-sports\/wp-content\/uploads\/2016\/05\/sth_alurost_1-300x66.jpg\" alt=\"sth_alurost_1\" width=\"300\" height=\"66\" srcset=\"http:\/\/d-teq.de\/media-sports\/wp-content\/uploads\/2016\/05\/sth_alurost_1-200x44.jpg 200w, http:\/\/d-teq.de\/media-sports\/wp-content\/uploads\/2016\/05\/sth_alurost_1-300x66.jpg 300w, http:\/\/d-teq.de\/media-sports\/wp-content\/uploads\/2016\/05\/sth_alurost_1.jpg 380w\" sizes=\"(max-width: 300px) 100vw, 300px\" \/><\/a><\/span><\/td>\n<td style=\"width: 400px;\"><span style=\"font-family: arial, helvetica, sans-serif; font-size: 12pt;\">Aluminium \u2013 Bodenrost (fahrbare Ausf\u00fchrung) Aluminiumprofile als Latten und Bohlen verschwei\u00dft, mit Laufwalzen und R\u00e4dern fahrbar ausger\u00fcstet. Zugdeichsel als Option lieferbar.<\/span><\/td>\n<\/tr>\n<tr>\n<td><span style=\"font-family: arial, helvetica, sans-serif; font-size: 12pt;\"><a href=\"http:\/\/d-teq.de\/media-sports\/wp-content\/uploads\/2016\/05\/sth_alurost_2.jpg\"><img decoding=\"async\" class=\"aligncenter wp-image-11992\" title=\"Bodenroste f\u00fcr Hochsprungmatten\" src=\"http:\/\/d-teq.de\/media-sports\/wp-content\/uploads\/2016\/05\/sth_alurost_2.jpg\" alt=\"sth_alurost_2\" width=\"300\" height=\"157\" srcset=\"http:\/\/d-teq.de\/media-sports\/wp-content\/uploads\/2016\/05\/sth_alurost_2-200x105.jpg 200w, http:\/\/d-teq.de\/media-sports\/wp-content\/uploads\/2016\/05\/sth_alurost_2.jpg 250w\" sizes=\"(max-width: 300px) 100vw, 300px\" \/><\/a><\/span><\/td>\n<td style=\"width: 400px;\"><span style=\"font-family: arial, helvetica, sans-serif; font-size: 12pt;\">Zugdeichsel <\/span><br \/>\n<span style=\"font-family: arial, helvetica, sans-serif; font-size: 12pt;\"> (optional)<\/span><\/td>\n<\/tr>\n<tr>\n<td><span style=\"font-family: arial, helvetica, sans-serif; font-size: 12pt;\"><a href=\"http:\/\/d-teq.de\/media-sports\/wp-content\/uploads\/2016\/05\/sth_alurost_3.jpg\"><img decoding=\"async\" class=\"aligncenter wp-image-11993\" title=\"Bodenroste f\u00fcr Hochsprungmatten\" src=\"http:\/\/d-teq.de\/media-sports\/wp-content\/uploads\/2016\/05\/sth_alurost_3.jpg\" alt=\"sth_alurost_3\" width=\"300\" height=\"87\" srcset=\"http:\/\/d-teq.de\/media-sports\/wp-content\/uploads\/2016\/05\/sth_alurost_3-200x58.jpg 200w, http:\/\/d-teq.de\/media-sports\/wp-content\/uploads\/2016\/05\/sth_alurost_3-220x65.jpg 220w, http:\/\/d-teq.de\/media-sports\/wp-content\/uploads\/2016\/05\/sth_alurost_3.jpg 223w\" sizes=\"(max-width: 300px) 100vw, 300px\" \/><\/a><\/span><\/td>\n<td style=\"width: 400px;\"><span style=\"font-family: arial, helvetica, sans-serif; font-size: 12pt;\">Aluminium \u2013 Bodenrost <\/span><br \/>\n<span style=\"font-family: arial, helvetica, sans-serif; font-size: 12pt;\"> (station\u00e4re Ausf\u00fchrung) Aluminiumprofile als Latten und Bohlen verschwei\u00dft.<\/span><\/td>\n<\/tr>\n<\/tbody>\n<\/table>\n<p>&nbsp;<\/p>\n<table style=\"width: 800px;\">\n<tbody>\n<tr>\n<td><span style=\"font-size: 12pt; font-family: arial, helvetica, sans-serif;\"><a href=\"http:\/\/d-teq.de\/media-sports\/wp-content\/uploads\/2016\/05\/sth_stuetzbuegel.jpg\"><img decoding=\"async\" class=\"aligncenter wp-image-11999\" title=\"Sturzb\u00fcgel f\u00fcr Hochsprung Bodenroste\" src=\"http:\/\/d-teq.de\/media-sports\/wp-content\/uploads\/2016\/05\/sth_stuetzbuegel.jpg\" alt=\"sth_stuetzbuegel\" width=\"250\" height=\"188\" srcset=\"http:\/\/d-teq.de\/media-sports\/wp-content\/uploads\/2016\/05\/sth_stuetzbuegel-200x150.jpg 200w, http:\/\/d-teq.de\/media-sports\/wp-content\/uploads\/2016\/05\/sth_stuetzbuegel.jpg 250w\" sizes=\"(max-width: 250px) 100vw, 250px\" \/><\/a><\/span><\/td>\n<td style=\"width: 400px;\"><span style=\"font-size: 12pt; font-family: arial, helvetica, sans-serif;\"><a href=\"http:\/\/d-teq.de\/media-sports\/wp-content\/uploads\/2016\/05\/sth_steckverbinder.jpg\"><img decoding=\"async\" class=\"aligncenter wp-image-11996 size-full\" title=\"Steckverbinder f\u00fcr Hochsprung Bodenroste\" src=\"http:\/\/d-teq.de\/media-sports\/wp-content\/uploads\/2016\/05\/sth_steckverbinder.jpg\" alt=\"sth_steckverbinder\" width=\"225\" height=\"187\" srcset=\"http:\/\/d-teq.de\/media-sports\/wp-content\/uploads\/2016\/05\/sth_steckverbinder-200x166.jpg 200w, http:\/\/d-teq.de\/media-sports\/wp-content\/uploads\/2016\/05\/sth_steckverbinder.jpg 225w\" sizes=\"(max-width: 225px) 100vw, 225px\" \/><\/a><\/span><\/td>\n<\/tr>\n<tr>\n<td style=\"text-align: center;\"><span style=\"font-family: arial, helvetica, sans-serif; font-size: 12pt;\">St\u00fctzb\u00fcgel<\/span><\/td>\n<td style=\"width: 400px; text-align: center;\"><span style=\"font-family: arial, helvetica, sans-serif; font-size: 12pt;\">Steckverbinder<\/span><\/td>\n<\/tr>\n<\/tbody>\n<\/table>\n","protected":false},"featured_media":12299,"template":"","meta":[],"product_brand":[],"product_cat":[79],"product_tag":[],"class_list":{"0":"post-12096","1":"product","2":"type-product","3":"status-publish","4":"has-post-thumbnail","6":"product_cat-leichtathletik-hochsprung","8":"first","9":"instock","10":"shipping-taxable","11":"product-type-simple"},"yoast_head":"<!-- This site is optimized with the Yoast SEO plugin v26.7 - https:\/\/yoast.com\/wordpress\/plugins\/seo\/ -->\n<title>Bodenroste f\u00fcr Hochsprungmatten - D-TEQ<\/title>\n<meta name=\"description\" content=\"Diese Bodenroste f\u00fcr Hochsprungmatten gibt es aus veschiedenste Materialien. Von Holz bis zu Aluminium Roste hat die Firma D-TEQ alles.\" \/>\n<meta name=\"robots\" content=\"index, follow, max-snippet:-1, max-image-preview:large, max-video-preview:-1\" \/>\n<link rel=\"canonical\" href=\"http:\/\/d-teq.de\/media-sports\/product\/bodenroste-fuer-hochsprungmatten\/\" \/>\n<meta property=\"og:locale\" content=\"de_DE\" \/>\n<meta property=\"og:type\" content=\"article\" \/>\n<meta property=\"og:title\" content=\"Bodenroste f\u00fcr Hochsprungmatten - D-TEQ\" \/>\n<meta property=\"og:description\" content=\"Diese Bodenroste f\u00fcr Hochsprungmatten gibt es aus veschiedenste Materialien. Von Holz bis zu Aluminium Roste hat die Firma D-TEQ alles.\" \/>\n<meta property=\"og:url\" content=\"http:\/\/d-teq.de\/media-sports\/product\/bodenroste-fuer-hochsprungmatten\/\" \/>\n<meta property=\"og:site_name\" content=\"D-TEQ\" \/>\n<meta property=\"article:modified_time\" content=\"2017-12-03T18:16:17+00:00\" \/>\n<meta property=\"og:image\" content=\"http:\/\/d-teq.de\/media-sports\/wp-content\/uploads\/2016\/06\/hs_rost_alu1.jpg\" \/>\n\t<meta property=\"og:image:width\" content=\"300\" \/>\n\t<meta property=\"og:image:height\" content=\"300\" \/>\n\t<meta property=\"og:image:type\" content=\"image\/jpeg\" \/>\n<meta name=\"twitter:card\" content=\"summary_large_image\" \/>\n<script type=\"application\/ld+json\" class=\"yoast-schema-graph\">{\"@context\":\"https:\/\/schema.org\",\"@graph\":[{\"@type\":\"WebPage\",\"@id\":\"http:\/\/d-teq.de\/media-sports\/product\/bodenroste-fuer-hochsprungmatten\/\",\"url\":\"http:\/\/d-teq.de\/media-sports\/product\/bodenroste-fuer-hochsprungmatten\/\",\"name\":\"Bodenroste f\u00fcr Hochsprungmatten - D-TEQ\",\"isPartOf\":{\"@id\":\"http:\/\/d-teq.de\/media-sports\/#website\"},\"primaryImageOfPage\":{\"@id\":\"http:\/\/d-teq.de\/media-sports\/product\/bodenroste-fuer-hochsprungmatten\/#primaryimage\"},\"image\":{\"@id\":\"http:\/\/d-teq.de\/media-sports\/product\/bodenroste-fuer-hochsprungmatten\/#primaryimage\"},\"thumbnailUrl\":\"http:\/\/d-teq.de\/media-sports\/wp-content\/uploads\/2016\/06\/hs_rost_alu1.jpg\",\"datePublished\":\"2016-06-14T14:38:08+00:00\",\"dateModified\":\"2017-12-03T18:16:17+00:00\",\"description\":\"Diese Bodenroste f\u00fcr Hochsprungmatten gibt es aus veschiedenste Materialien. Von Holz bis zu Aluminium Roste hat die Firma D-TEQ alles.\",\"breadcrumb\":{\"@id\":\"http:\/\/d-teq.de\/media-sports\/product\/bodenroste-fuer-hochsprungmatten\/#breadcrumb\"},\"inLanguage\":\"de\",\"potentialAction\":[{\"@type\":\"ReadAction\",\"target\":[\"http:\/\/d-teq.de\/media-sports\/product\/bodenroste-fuer-hochsprungmatten\/\"]}]},{\"@type\":\"ImageObject\",\"inLanguage\":\"de\",\"@id\":\"http:\/\/d-teq.de\/media-sports\/product\/bodenroste-fuer-hochsprungmatten\/#primaryimage\",\"url\":\"http:\/\/d-teq.de\/media-sports\/wp-content\/uploads\/2016\/06\/hs_rost_alu1.jpg\",\"contentUrl\":\"http:\/\/d-teq.de\/media-sports\/wp-content\/uploads\/2016\/06\/hs_rost_alu1.jpg\",\"width\":300,\"height\":300,\"caption\":\"Bodenroste f\u00fcr Hochsprungmatten\"},{\"@type\":\"BreadcrumbList\",\"@id\":\"http:\/\/d-teq.de\/media-sports\/product\/bodenroste-fuer-hochsprungmatten\/#breadcrumb\",\"itemListElement\":[{\"@type\":\"ListItem\",\"position\":1,\"name\":\"Startseite\",\"item\":\"http:\/\/d-teq.de\/media-sports\/\"},{\"@type\":\"ListItem\",\"position\":2,\"name\":\"Shop\",\"item\":\"http:\/\/d-teq.de\/media-sports\/shop\/\"},{\"@type\":\"ListItem\",\"position\":3,\"name\":\"Bodenroste\"}]},{\"@type\":\"WebSite\",\"@id\":\"http:\/\/d-teq.de\/media-sports\/#website\",\"url\":\"http:\/\/d-teq.de\/media-sports\/\",\"name\":\"D-TEQ\",\"description\":\"Media &amp; Sports\",\"potentialAction\":[{\"@type\":\"SearchAction\",\"target\":{\"@type\":\"EntryPoint\",\"urlTemplate\":\"http:\/\/d-teq.de\/media-sports\/?s={search_term_string}\"},\"query-input\":{\"@type\":\"PropertyValueSpecification\",\"valueRequired\":true,\"valueName\":\"search_term_string\"}}],\"inLanguage\":\"de\"}]}<\/script>\n<!-- \/ Yoast SEO plugin. -->","yoast_head_json":{"title":"Bodenroste f\u00fcr Hochsprungmatten - D-TEQ","description":"Diese Bodenroste f\u00fcr Hochsprungmatten gibt es aus veschiedenste Materialien. Von Holz bis zu Aluminium Roste hat die Firma D-TEQ alles.","robots":{"index":"index","follow":"follow","max-snippet":"max-snippet:-1","max-image-preview":"max-image-preview:large","max-video-preview":"max-video-preview:-1"},"canonical":"http:\/\/d-teq.de\/media-sports\/product\/bodenroste-fuer-hochsprungmatten\/","og_locale":"de_DE","og_type":"article","og_title":"Bodenroste f\u00fcr Hochsprungmatten - D-TEQ","og_description":"Diese Bodenroste f\u00fcr Hochsprungmatten gibt es aus veschiedenste Materialien. Von Holz bis zu Aluminium Roste hat die Firma D-TEQ alles.","og_url":"http:\/\/d-teq.de\/media-sports\/product\/bodenroste-fuer-hochsprungmatten\/","og_site_name":"D-TEQ","article_modified_time":"2017-12-03T18:16:17+00:00","og_image":[{"width":300,"height":300,"url":"http:\/\/d-teq.de\/media-sports\/wp-content\/uploads\/2016\/06\/hs_rost_alu1.jpg","type":"image\/jpeg"}],"twitter_card":"summary_large_image","schema":{"@context":"https:\/\/schema.org","@graph":[{"@type":"WebPage","@id":"http:\/\/d-teq.de\/media-sports\/product\/bodenroste-fuer-hochsprungmatten\/","url":"http:\/\/d-teq.de\/media-sports\/product\/bodenroste-fuer-hochsprungmatten\/","name":"Bodenroste f\u00fcr Hochsprungmatten - D-TEQ","isPartOf":{"@id":"http:\/\/d-teq.de\/media-sports\/#website"},"primaryImageOfPage":{"@id":"http:\/\/d-teq.de\/media-sports\/product\/bodenroste-fuer-hochsprungmatten\/#primaryimage"},"image":{"@id":"http:\/\/d-teq.de\/media-sports\/product\/bodenroste-fuer-hochsprungmatten\/#primaryimage"},"thumbnailUrl":"http:\/\/d-teq.de\/media-sports\/wp-content\/uploads\/2016\/06\/hs_rost_alu1.jpg","datePublished":"2016-06-14T14:38:08+00:00","dateModified":"2017-12-03T18:16:17+00:00","description":"Diese Bodenroste f\u00fcr Hochsprungmatten gibt es aus veschiedenste Materialien. Von Holz bis zu Aluminium Roste hat die Firma D-TEQ alles.","breadcrumb":{"@id":"http:\/\/d-teq.de\/media-sports\/product\/bodenroste-fuer-hochsprungmatten\/#breadcrumb"},"inLanguage":"de","potentialAction":[{"@type":"ReadAction","target":["http:\/\/d-teq.de\/media-sports\/product\/bodenroste-fuer-hochsprungmatten\/"]}]},{"@type":"ImageObject","inLanguage":"de","@id":"http:\/\/d-teq.de\/media-sports\/product\/bodenroste-fuer-hochsprungmatten\/#primaryimage","url":"http:\/\/d-teq.de\/media-sports\/wp-content\/uploads\/2016\/06\/hs_rost_alu1.jpg","contentUrl":"http:\/\/d-teq.de\/media-sports\/wp-content\/uploads\/2016\/06\/hs_rost_alu1.jpg","width":300,"height":300,"caption":"Bodenroste f\u00fcr Hochsprungmatten"},{"@type":"BreadcrumbList","@id":"http:\/\/d-teq.de\/media-sports\/product\/bodenroste-fuer-hochsprungmatten\/#breadcrumb","itemListElement":[{"@type":"ListItem","position":1,"name":"Startseite","item":"http:\/\/d-teq.de\/media-sports\/"},{"@type":"ListItem","position":2,"name":"Shop","item":"http:\/\/d-teq.de\/media-sports\/shop\/"},{"@type":"ListItem","position":3,"name":"Bodenroste"}]},{"@type":"WebSite","@id":"http:\/\/d-teq.de\/media-sports\/#website","url":"http:\/\/d-teq.de\/media-sports\/","name":"D-TEQ","description":"Media &amp; Sports","potentialAction":[{"@type":"SearchAction","target":{"@type":"EntryPoint","urlTemplate":"http:\/\/d-teq.de\/media-sports\/?s={search_term_string}"},"query-input":{"@type":"PropertyValueSpecification","valueRequired":true,"valueName":"search_term_string"}}],"inLanguage":"de"}]}},"_links":{"self":[{"href":"http:\/\/d-teq.de\/media-sports\/wp-json\/wp\/v2\/product\/12096","targetHints":{"allow":["GET"]}}],"collection":[{"href":"http:\/\/d-teq.de\/media-sports\/wp-json\/wp\/v2\/product"}],"about":[{"href":"http:\/\/d-teq.de\/media-sports\/wp-json\/wp\/v2\/types\/product"}],"wp:featuredmedia":[{"embeddable":true,"href":"http:\/\/d-teq.de\/media-sports\/wp-json\/wp\/v2\/media\/12299"}],"wp:attachment":[{"href":"http:\/\/d-teq.de\/media-sports\/wp-json\/wp\/v2\/media?parent=12096"}],"wp:term":[{"taxonomy":"product_brand","embeddable":true,"href":"http:\/\/d-teq.de\/media-sports\/wp-json\/wp\/v2\/product_brand?post=12096"},{"taxonomy":"product_cat","embeddable":true,"href":"http:\/\/d-teq.de\/media-sports\/wp-json\/wp\/v2\/product_cat?post=12096"},{"taxonomy":"product_tag","embeddable":true,"href":"http:\/\/d-teq.de\/media-sports\/wp-json\/wp\/v2\/product_tag?post=12096"}],"curies":[{"name":"wp","href":"https:\/\/api.w.org\/{rel}","templated":true}]}}