{"id":12098,"date":"2016-06-14T16:47:14","date_gmt":"2016-06-14T14:47:14","guid":{"rendered":"http:\/\/d-teq.de\/media-sports\/?post_type=product&#038;p=12098"},"modified":"2017-12-03T20:16:17","modified_gmt":"2017-12-03T18:16:17","slug":"hochsprungstaender","status":"publish","type":"product","link":"http:\/\/d-teq.de\/media-sports\/product\/hochsprungstaender\/","title":{"rendered":"Hochsprungst\u00e4nder"},"content":{"rendered":"","protected":false},"excerpt":{"rendered":"<p><span style=\"font-family: arial, helvetica, sans-serif; font-size: 12pt;\">\u00a0<img decoding=\"async\" class=\"alignnone wp-image-12628 size-full\" title=\"Hochsprungst\u00e4nder\" src=\"http:\/\/d-teq.de\/media-sports\/wp-content\/uploads\/2016\/06\/hs_Hochsprungstaender1.jpg\" alt=\"hs_hochsprungstaender1\" width=\"400\" height=\"231\" srcset=\"http:\/\/d-teq.de\/media-sports\/wp-content\/uploads\/2016\/06\/hs_Hochsprungstaender1-200x116.jpg 200w, http:\/\/d-teq.de\/media-sports\/wp-content\/uploads\/2016\/06\/hs_Hochsprungstaender1-300x173.jpg 300w, http:\/\/d-teq.de\/media-sports\/wp-content\/uploads\/2016\/06\/hs_Hochsprungstaender1.jpg 400w\" sizes=\"(max-width: 400px) 100vw, 400px\" \/><\/span><br \/>\n<span style=\"font-family: arial, helvetica, sans-serif; font-size: 12pt;\">Automatische Verstellung der Lattenauflagefl\u00e4che am Ausleger. <\/span><br \/>\n<span style=\"font-family: arial, helvetica, sans-serif; font-size: 12pt;\"> Hochsprungst\u00e4nder bis 200 cm \/ 250 cm \/ 300 cm <\/span><\/p>\n<table border=\"0\" cellspacing=\"0\" cellpadding=\"30px\">\n<tbody>\n<tr>\n<td align=\"center\"><span style=\"font-family: arial, helvetica, sans-serif; font-size: 12pt;\"><img decoding=\"async\" class=\"aligncenter wp-image-12630 size-full\" title=\"T-Fu\u00df f\u00fcr den Hochsprungst\u00e4nder\" src=\"http:\/\/d-teq.de\/media-sports\/wp-content\/uploads\/2016\/06\/hs_Hochsprungstaender3.jpg\" alt=\"hs_hochsprungstaender3\" width=\"143\" height=\"180\" \/><\/span><br \/>\n<span style=\"font-family: arial, helvetica, sans-serif; font-size: 12pt;\"> St\u00e4nderf\u00fc\u00dfe T-Form<\/span><br \/>\n<span style=\"font-family: arial, helvetica, sans-serif; font-size: 12pt;\"> Mit Schraubschieber trennbar von der S\u00e4ule und H\u00f6henverstellung am Fu\u00df<\/span><\/td>\n<td align=\"center\"><span style=\"font-family: arial, helvetica, sans-serif; font-size: 12pt;\"><img decoding=\"async\" class=\"aligncenter wp-image-12629 size-full\" title=\"Ma\u00dfband an der H\u00f6heneinstellung des Hochsprungst\u00e4nders\" src=\"http:\/\/d-teq.de\/media-sports\/wp-content\/uploads\/2016\/06\/hs_Hochsprungstaender2.jpg\" alt=\"hs_hochsprungstaender2\" width=\"86\" height=\"180\" \/><\/span><br \/>\n<span style=\"font-family: arial, helvetica, sans-serif; font-size: 12pt;\"> Ma\u00dfband Im Aluprofil eingelassen. Zentimetereinteilung. <\/span><br \/>\n<span style=\"font-family: arial, helvetica, sans-serif; font-size: 12pt;\"> Schraubschieber <\/span><br \/>\n<span style=\"font-family: arial, helvetica, sans-serif; font-size: 12pt;\"> H\u00f6henverstellung teleskopartig ausfahrbar in Zentimeter &#8211; Schritten.<\/span><\/td>\n<\/tr>\n<\/tbody>\n<\/table>\n","protected":false},"featured_media":12297,"template":"","meta":[],"product_brand":[],"product_cat":[79],"product_tag":[],"class_list":{"0":"post-12098","1":"product","2":"type-product","3":"status-publish","4":"has-post-thumbnail","6":"product_cat-leichtathletik-hochsprung","8":"first","9":"instock","10":"shipping-taxable","11":"product-type-simple"},"yoast_head":"<!-- This site is optimized with the Yoast SEO plugin v26.7 - https:\/\/yoast.com\/wordpress\/plugins\/seo\/ -->\n<title>Hochsprungst\u00e4nder - D-TEQ<\/title>\n<meta name=\"description\" content=\"Dieser Hochsprungst\u00e4nder hat eine h\u00f6he bis zu 300cm. Ebenso hat er eine automatische Verstellung der Lattenauflagefl\u00e4che am Ausleger.\" \/>\n<meta name=\"robots\" content=\"index, follow, max-snippet:-1, max-image-preview:large, max-video-preview:-1\" \/>\n<link rel=\"canonical\" href=\"http:\/\/d-teq.de\/media-sports\/product\/hochsprungstaender\/\" \/>\n<meta property=\"og:locale\" content=\"de_DE\" \/>\n<meta property=\"og:type\" content=\"article\" \/>\n<meta property=\"og:title\" content=\"Hochsprungst\u00e4nder - D-TEQ\" \/>\n<meta property=\"og:description\" content=\"Dieser Hochsprungst\u00e4nder hat eine h\u00f6he bis zu 300cm. Ebenso hat er eine automatische Verstellung der Lattenauflagefl\u00e4che am Ausleger.\" \/>\n<meta property=\"og:url\" content=\"http:\/\/d-teq.de\/media-sports\/product\/hochsprungstaender\/\" \/>\n<meta property=\"og:site_name\" content=\"D-TEQ\" \/>\n<meta property=\"article:modified_time\" content=\"2017-12-03T18:16:17+00:00\" \/>\n<meta property=\"og:image\" content=\"http:\/\/d-teq.de\/media-sports\/wp-content\/uploads\/2016\/06\/hs_05_paar.jpg\" \/>\n\t<meta property=\"og:image:width\" content=\"300\" \/>\n\t<meta property=\"og:image:height\" content=\"300\" \/>\n\t<meta property=\"og:image:type\" content=\"image\/jpeg\" \/>\n<meta name=\"twitter:card\" content=\"summary_large_image\" \/>\n<script type=\"application\/ld+json\" class=\"yoast-schema-graph\">{\"@context\":\"https:\/\/schema.org\",\"@graph\":[{\"@type\":\"WebPage\",\"@id\":\"http:\/\/d-teq.de\/media-sports\/product\/hochsprungstaender\/\",\"url\":\"http:\/\/d-teq.de\/media-sports\/product\/hochsprungstaender\/\",\"name\":\"Hochsprungst\u00e4nder - D-TEQ\",\"isPartOf\":{\"@id\":\"http:\/\/d-teq.de\/media-sports\/#website\"},\"primaryImageOfPage\":{\"@id\":\"http:\/\/d-teq.de\/media-sports\/product\/hochsprungstaender\/#primaryimage\"},\"image\":{\"@id\":\"http:\/\/d-teq.de\/media-sports\/product\/hochsprungstaender\/#primaryimage\"},\"thumbnailUrl\":\"http:\/\/d-teq.de\/media-sports\/wp-content\/uploads\/2016\/06\/hs_05_paar.jpg\",\"datePublished\":\"2016-06-14T14:47:14+00:00\",\"dateModified\":\"2017-12-03T18:16:17+00:00\",\"description\":\"Dieser Hochsprungst\u00e4nder hat eine h\u00f6he bis zu 300cm. Ebenso hat er eine automatische Verstellung der Lattenauflagefl\u00e4che am Ausleger.\",\"breadcrumb\":{\"@id\":\"http:\/\/d-teq.de\/media-sports\/product\/hochsprungstaender\/#breadcrumb\"},\"inLanguage\":\"de\",\"potentialAction\":[{\"@type\":\"ReadAction\",\"target\":[\"http:\/\/d-teq.de\/media-sports\/product\/hochsprungstaender\/\"]}]},{\"@type\":\"ImageObject\",\"inLanguage\":\"de\",\"@id\":\"http:\/\/d-teq.de\/media-sports\/product\/hochsprungstaender\/#primaryimage\",\"url\":\"http:\/\/d-teq.de\/media-sports\/wp-content\/uploads\/2016\/06\/hs_05_paar.jpg\",\"contentUrl\":\"http:\/\/d-teq.de\/media-sports\/wp-content\/uploads\/2016\/06\/hs_05_paar.jpg\",\"width\":300,\"height\":300,\"caption\":\"Hochsprungst\u00e4nder\"},{\"@type\":\"BreadcrumbList\",\"@id\":\"http:\/\/d-teq.de\/media-sports\/product\/hochsprungstaender\/#breadcrumb\",\"itemListElement\":[{\"@type\":\"ListItem\",\"position\":1,\"name\":\"Startseite\",\"item\":\"http:\/\/d-teq.de\/media-sports\/\"},{\"@type\":\"ListItem\",\"position\":2,\"name\":\"Shop\",\"item\":\"http:\/\/d-teq.de\/media-sports\/shop\/\"},{\"@type\":\"ListItem\",\"position\":3,\"name\":\"Hochsprungst\u00e4nder\"}]},{\"@type\":\"WebSite\",\"@id\":\"http:\/\/d-teq.de\/media-sports\/#website\",\"url\":\"http:\/\/d-teq.de\/media-sports\/\",\"name\":\"D-TEQ\",\"description\":\"Media &amp; Sports\",\"potentialAction\":[{\"@type\":\"SearchAction\",\"target\":{\"@type\":\"EntryPoint\",\"urlTemplate\":\"http:\/\/d-teq.de\/media-sports\/?s={search_term_string}\"},\"query-input\":{\"@type\":\"PropertyValueSpecification\",\"valueRequired\":true,\"valueName\":\"search_term_string\"}}],\"inLanguage\":\"de\"}]}<\/script>\n<!-- \/ Yoast SEO plugin. -->","yoast_head_json":{"title":"Hochsprungst\u00e4nder - D-TEQ","description":"Dieser Hochsprungst\u00e4nder hat eine h\u00f6he bis zu 300cm. Ebenso hat er eine automatische Verstellung der Lattenauflagefl\u00e4che am Ausleger.","robots":{"index":"index","follow":"follow","max-snippet":"max-snippet:-1","max-image-preview":"max-image-preview:large","max-video-preview":"max-video-preview:-1"},"canonical":"http:\/\/d-teq.de\/media-sports\/product\/hochsprungstaender\/","og_locale":"de_DE","og_type":"article","og_title":"Hochsprungst\u00e4nder - D-TEQ","og_description":"Dieser Hochsprungst\u00e4nder hat eine h\u00f6he bis zu 300cm. Ebenso hat er eine automatische Verstellung der Lattenauflagefl\u00e4che am Ausleger.","og_url":"http:\/\/d-teq.de\/media-sports\/product\/hochsprungstaender\/","og_site_name":"D-TEQ","article_modified_time":"2017-12-03T18:16:17+00:00","og_image":[{"width":300,"height":300,"url":"http:\/\/d-teq.de\/media-sports\/wp-content\/uploads\/2016\/06\/hs_05_paar.jpg","type":"image\/jpeg"}],"twitter_card":"summary_large_image","schema":{"@context":"https:\/\/schema.org","@graph":[{"@type":"WebPage","@id":"http:\/\/d-teq.de\/media-sports\/product\/hochsprungstaender\/","url":"http:\/\/d-teq.de\/media-sports\/product\/hochsprungstaender\/","name":"Hochsprungst\u00e4nder - D-TEQ","isPartOf":{"@id":"http:\/\/d-teq.de\/media-sports\/#website"},"primaryImageOfPage":{"@id":"http:\/\/d-teq.de\/media-sports\/product\/hochsprungstaender\/#primaryimage"},"image":{"@id":"http:\/\/d-teq.de\/media-sports\/product\/hochsprungstaender\/#primaryimage"},"thumbnailUrl":"http:\/\/d-teq.de\/media-sports\/wp-content\/uploads\/2016\/06\/hs_05_paar.jpg","datePublished":"2016-06-14T14:47:14+00:00","dateModified":"2017-12-03T18:16:17+00:00","description":"Dieser Hochsprungst\u00e4nder hat eine h\u00f6he bis zu 300cm. Ebenso hat er eine automatische Verstellung der Lattenauflagefl\u00e4che am Ausleger.","breadcrumb":{"@id":"http:\/\/d-teq.de\/media-sports\/product\/hochsprungstaender\/#breadcrumb"},"inLanguage":"de","potentialAction":[{"@type":"ReadAction","target":["http:\/\/d-teq.de\/media-sports\/product\/hochsprungstaender\/"]}]},{"@type":"ImageObject","inLanguage":"de","@id":"http:\/\/d-teq.de\/media-sports\/product\/hochsprungstaender\/#primaryimage","url":"http:\/\/d-teq.de\/media-sports\/wp-content\/uploads\/2016\/06\/hs_05_paar.jpg","contentUrl":"http:\/\/d-teq.de\/media-sports\/wp-content\/uploads\/2016\/06\/hs_05_paar.jpg","width":300,"height":300,"caption":"Hochsprungst\u00e4nder"},{"@type":"BreadcrumbList","@id":"http:\/\/d-teq.de\/media-sports\/product\/hochsprungstaender\/#breadcrumb","itemListElement":[{"@type":"ListItem","position":1,"name":"Startseite","item":"http:\/\/d-teq.de\/media-sports\/"},{"@type":"ListItem","position":2,"name":"Shop","item":"http:\/\/d-teq.de\/media-sports\/shop\/"},{"@type":"ListItem","position":3,"name":"Hochsprungst\u00e4nder"}]},{"@type":"WebSite","@id":"http:\/\/d-teq.de\/media-sports\/#website","url":"http:\/\/d-teq.de\/media-sports\/","name":"D-TEQ","description":"Media &amp; Sports","potentialAction":[{"@type":"SearchAction","target":{"@type":"EntryPoint","urlTemplate":"http:\/\/d-teq.de\/media-sports\/?s={search_term_string}"},"query-input":{"@type":"PropertyValueSpecification","valueRequired":true,"valueName":"search_term_string"}}],"inLanguage":"de"}]}},"_links":{"self":[{"href":"http:\/\/d-teq.de\/media-sports\/wp-json\/wp\/v2\/product\/12098","targetHints":{"allow":["GET"]}}],"collection":[{"href":"http:\/\/d-teq.de\/media-sports\/wp-json\/wp\/v2\/product"}],"about":[{"href":"http:\/\/d-teq.de\/media-sports\/wp-json\/wp\/v2\/types\/product"}],"wp:featuredmedia":[{"embeddable":true,"href":"http:\/\/d-teq.de\/media-sports\/wp-json\/wp\/v2\/media\/12297"}],"wp:attachment":[{"href":"http:\/\/d-teq.de\/media-sports\/wp-json\/wp\/v2\/media?parent=12098"}],"wp:term":[{"taxonomy":"product_brand","embeddable":true,"href":"http:\/\/d-teq.de\/media-sports\/wp-json\/wp\/v2\/product_brand?post=12098"},{"taxonomy":"product_cat","embeddable":true,"href":"http:\/\/d-teq.de\/media-sports\/wp-json\/wp\/v2\/product_cat?post=12098"},{"taxonomy":"product_tag","embeddable":true,"href":"http:\/\/d-teq.de\/media-sports\/wp-json\/wp\/v2\/product_tag?post=12098"}],"curies":[{"name":"wp","href":"https:\/\/api.w.org\/{rel}","templated":true}]}}